{"id":154259,"date":"2024-05-15T11:54:53","date_gmt":"2024-05-15T09:54:53","guid":{"rendered":"https:\/\/pgwear.net\/p\/full-face-jacke-summit-grau-schwarz\/"},"modified":"2025-11-08T21:38:01","modified_gmt":"2025-11-08T20:38:01","slug":"full-face-jacke-summit-grau-schwarz","status":"publish","type":"product","link":"https:\/\/pgwear.net\/de\/p\/full-face-jacke-summit-grau-schwarz\/","title":{"rendered":"Full Face Jacke \u201cSummit\u201d Grau\/Schwarz"},"content":{"rendered":"<p>Einzigartiges Bekleidungsst\u00fcck von PGWEAR, perfekt f\u00fcr jeden, vom gelegentlichen Stadionbesucher bis zum Hardcore-Fu\u00dfballfan und Ultras! Diese Jacke h\u00e4lt dich nicht nur an k\u00e4lteren oder regnerischen Tagen auf der Trib\u00fcne warm, sondern wird auch dank der im Kragen eingen\u00e4hten Sturmhaube dein Gesicht vor Polizei und CCTV-Kameras sch\u00fctzen! <\/p>\n","protected":false},"excerpt":{"rendered":"<p>Einzigartiges Bekleidungsst\u00fcck von PGWEAR, perfekt f\u00fcr jeden, vom gelegentlichen Stadionbesucher bis zum Hardcore-Fu\u00dfballfan und Ultras! Diese Jacke h\u00e4lt dich nicht nur an k\u00e4lteren oder regnerischen Tagen auf der Trib\u00fcne warm, sondern wird auch dank der im Kragen eingen\u00e4hten Sturmhaube dein Gesicht vor Polizei und CCTV-Kameras sch\u00fctzen! <\/p>\n","protected":false},"featured_media":164190,"template":"","meta":{"_acf_changed":false},"product_brand":[],"product_cat":[656,3587],"product_tag":[3184],"class_list":{"0":"post-154259","1":"product","2":"type-product","3":"status-publish","4":"has-post-thumbnail","6":"product_cat-jacken","7":"product_cat-winterjacken","8":"product_tag-aw24-de","9":"pa_gramatura-80-gr-m2-de","10":"pa_kolekcja-herbst-winter-2024","11":"pa_kolor-grau-schwarz","12":"pa_kroj-klassisch","13":"pa_material-100-polyester-de-3","14":"pa_rozmiar-l-de","15":"pa_rozmiar-m-de-2","16":"pa_rozmiar-s-de","17":"pa_rozmiar-xl-de","18":"pa_rozmiar-xxl-de","19":"pa_rozmiar-xxxl-de","20":"feature-integrierte-sturmhaube","22":"first","23":"instock","24":"taxable","25":"shipping-taxable","26":"purchasable","27":"product-type-variable"},"acf":[],"_links":{"self":[{"href":"https:\/\/pgwear.net\/de\/wp-json\/wp\/v2\/product\/154259","targetHints":{"allow":["GET"]}}],"collection":[{"href":"https:\/\/pgwear.net\/de\/wp-json\/wp\/v2\/product"}],"about":[{"href":"https:\/\/pgwear.net\/de\/wp-json\/wp\/v2\/types\/product"}],"wp:featuredmedia":[{"embeddable":true,"href":"https:\/\/pgwear.net\/de\/wp-json\/wp\/v2\/media\/164190"}],"wp:attachment":[{"href":"https:\/\/pgwear.net\/de\/wp-json\/wp\/v2\/media?parent=154259"}],"wp:term":[{"taxonomy":"product_brand","embeddable":true,"href":"https:\/\/pgwear.net\/de\/wp-json\/wp\/v2\/product_brand?post=154259"},{"taxonomy":"product_cat","embeddable":true,"href":"https:\/\/pgwear.net\/de\/wp-json\/wp\/v2\/product_cat?post=154259"},{"taxonomy":"product_tag","embeddable":true,"href":"https:\/\/pgwear.net\/de\/wp-json\/wp\/v2\/product_tag?post=154259"}],"curies":[{"name":"wp","href":"https:\/\/api.w.org\/{rel}","templated":true}]}}