{"id":154362,"date":"2024-05-15T11:54:38","date_gmt":"2024-05-15T09:54:38","guid":{"rendered":"https:\/\/pgwear.net\/p\/full-face-softshelljacke-scandal-schwarz\/"},"modified":"2026-04-01T17:09:00","modified_gmt":"2026-04-01T15:09:00","slug":"full-face-softshelljacke-scandal-schwarz","status":"publish","type":"product","link":"https:\/\/pgwear.net\/de\/p\/full-face-softshelljacke-scandal-schwarz\/","title":{"rendered":"Full Face Softshelljacke &#8220;Scandal&#8221; Schwarz"},"content":{"rendered":"<p>Softshell-Jacke wurde zu einem einzigartigen und bekannten St\u00fcck von PGWEAR! Sie ist perfekt f\u00fcr jeden, vom gelegentlichen Stadionbesucher bis zum Hardcore-Fu\u00dfballfan und Ultras! Dieses Bekleidungsst\u00fcck h\u00e4lt dich nicht nur an k\u00e4lteren oder regnerischen Tagen auf der Trib\u00fcne warm, sondern sch\u00fctzt dank der im Kragen eingen\u00e4hten Sturmhaube auch vor Polizei und CCTV-Kameras!<\/p>\n","protected":false},"excerpt":{"rendered":"<p>Softshell-Jacke wurde zu einem einzigartigen und bekannten St\u00fcck von PGWEAR! Sie ist perfekt f\u00fcr jeden, vom gelegentlichen Stadionbesucher bis zum Hardcore-Fu\u00dfballfan und Ultras! Dieses Bekleidungsst\u00fcck h\u00e4lt dich nicht nur an k\u00e4lteren oder regnerischen Tagen auf der Trib\u00fcne warm, sondern sch\u00fctzt dank der im Kragen eingen\u00e4hten Sturmhaube auch vor Polizei und CCTV-Kameras!<\/p>\n","protected":false},"featured_media":165445,"template":"","meta":{"_acf_changed":false},"product_brand":[],"product_cat":[656,3589],"product_tag":[3184],"class_list":{"0":"post-154362","1":"product","2":"type-product","3":"status-publish","4":"has-post-thumbnail","6":"product_cat-jacken","7":"product_cat-softshelljacken","8":"product_tag-aw24-de","9":"pa_gramatura-320gr-m2-de","10":"pa_kolekcja-herbst-winter-2024","11":"pa_kolor-schwarz","12":"pa_kroj-raglan-de","13":"pa_material-100-polyester-de-3","14":"pa_nadruk-drytex-logo-auf-der-ruckseite","15":"pa_nadruk-reflektierendes-logo-auf-der-rechten-schulter","16":"pa_rozmiar-l-de","17":"pa_rozmiar-m-de-2","18":"pa_rozmiar-s-de","19":"pa_rozmiar-xl-de","20":"pa_rozmiar-xxl-de","21":"pa_rozmiar-xxxl-de","22":"feature-integrierte-sturmhaube","24":"first","25":"instock","26":"taxable","27":"shipping-taxable","28":"purchasable","29":"product-type-variable"},"acf":[],"_links":{"self":[{"href":"https:\/\/pgwear.net\/de\/wp-json\/wp\/v2\/product\/154362","targetHints":{"allow":["GET"]}}],"collection":[{"href":"https:\/\/pgwear.net\/de\/wp-json\/wp\/v2\/product"}],"about":[{"href":"https:\/\/pgwear.net\/de\/wp-json\/wp\/v2\/types\/product"}],"wp:featuredmedia":[{"embeddable":true,"href":"https:\/\/pgwear.net\/de\/wp-json\/wp\/v2\/media\/165445"}],"wp:attachment":[{"href":"https:\/\/pgwear.net\/de\/wp-json\/wp\/v2\/media?parent=154362"}],"wp:term":[{"taxonomy":"product_brand","embeddable":true,"href":"https:\/\/pgwear.net\/de\/wp-json\/wp\/v2\/product_brand?post=154362"},{"taxonomy":"product_cat","embeddable":true,"href":"https:\/\/pgwear.net\/de\/wp-json\/wp\/v2\/product_cat?post=154362"},{"taxonomy":"product_tag","embeddable":true,"href":"https:\/\/pgwear.net\/de\/wp-json\/wp\/v2\/product_tag?post=154362"}],"curies":[{"name":"wp","href":"https:\/\/api.w.org\/{rel}","templated":true}]}}