{"id":154452,"date":"2024-05-15T11:54:27","date_gmt":"2024-05-15T09:54:27","guid":{"rendered":"https:\/\/pgwear.net\/p\/kapzuenpullover-explosion-beige\/"},"modified":"2026-02-04T15:40:11","modified_gmt":"2026-02-04T14:40:11","slug":"kapzuenpullover-explosion-beige","status":"publish","type":"product","link":"https:\/\/pgwear.net\/de\/p\/kapzuenpullover-explosion-beige\/","title":{"rendered":"Kapzuenpullover &#8220;Explosion&#8221; Beige"},"content":{"rendered":"<p>Dreifarbiger Kapuzenpullover von PGWEAR mit Rei\u00dfverschluss, der dein Gesicht bedeckt, mit Aufdruck und ger\u00e4umigen Taschen auf der Vorderseite. Hergestellt aus Materialien h\u00f6chster Qualit\u00e4t mit Liebe zum Detail! Egal, wo du dich befindest, zu Hause oder unterwegs, dieses Produkt sch\u00fctzt dich vor Taxi und CCTV-Kameras, sowohl auf der Stra\u00dfe als auch im Stadion!<\/p>\n","protected":false},"excerpt":{"rendered":"<p>Dreifarbiger Kapuzenpullover von PGWEAR mit Rei\u00dfverschluss, der dein Gesicht bedeckt, mit Aufdruck und ger\u00e4umigen Taschen auf der Vorderseite. Hergestellt aus Materialien h\u00f6chster Qualit\u00e4t mit Liebe zum Detail! Egal, wo du dich befindest, zu Hause oder unterwegs, dieses Produkt sch\u00fctzt dich vor Taxi und CCTV-Kameras, sowohl auf der Stra\u00dfe als auch im Stadion!<\/p>\n","protected":false},"featured_media":164465,"template":"","meta":{"_acf_changed":false},"product_brand":[],"product_cat":[3561,3563,610],"product_tag":[3184,3279],"class_list":{"0":"post-154452","1":"product","2":"type-product","3":"status-publish","4":"has-post-thumbnail","6":"product_cat-kapuzenpullover","7":"product_cat-kapuzenpullover-mit-sturmhaube","8":"product_cat-sweatshirts","9":"product_tag-aw24-de","10":"product_tag-letzte-chance","11":"pa_gramatura-340-gr-m2-de","12":"pa_kolekcja-herbst-winter-2024","13":"pa_kolor-beige-de","14":"pa_kroj-raglan-de","15":"pa_material-100-baumwolle-de-2","16":"pa_nadruk-grosser-brustaufdruck","17":"pa_rozmiar-l-de","18":"pa_rozmiar-m-de-2","19":"pa_rozmiar-s-de","20":"pa_rozmiar-xl-de","21":"pa_rozmiar-xxl-de","22":"pa_rozmiar-xxxl-de","23":"feature-integrierte-sturmhaube","25":"first","26":"outofstock","27":"taxable","28":"shipping-taxable","29":"product-type-variable"},"acf":[],"_links":{"self":[{"href":"https:\/\/pgwear.net\/de\/wp-json\/wp\/v2\/product\/154452","targetHints":{"allow":["GET"]}}],"collection":[{"href":"https:\/\/pgwear.net\/de\/wp-json\/wp\/v2\/product"}],"about":[{"href":"https:\/\/pgwear.net\/de\/wp-json\/wp\/v2\/types\/product"}],"wp:featuredmedia":[{"embeddable":true,"href":"https:\/\/pgwear.net\/de\/wp-json\/wp\/v2\/media\/164465"}],"wp:attachment":[{"href":"https:\/\/pgwear.net\/de\/wp-json\/wp\/v2\/media?parent=154452"}],"wp:term":[{"taxonomy":"product_brand","embeddable":true,"href":"https:\/\/pgwear.net\/de\/wp-json\/wp\/v2\/product_brand?post=154452"},{"taxonomy":"product_cat","embeddable":true,"href":"https:\/\/pgwear.net\/de\/wp-json\/wp\/v2\/product_cat?post=154452"},{"taxonomy":"product_tag","embeddable":true,"href":"https:\/\/pgwear.net\/de\/wp-json\/wp\/v2\/product_tag?post=154452"}],"curies":[{"name":"wp","href":"https:\/\/api.w.org\/{rel}","templated":true}]}}