{"id":154593,"date":"2024-05-15T11:53:53","date_gmt":"2024-05-15T09:53:53","guid":{"rendered":"https:\/\/pgwear.net\/p\/kapuzenpullover-workout-schwarz\/"},"modified":"2026-02-05T08:56:09","modified_gmt":"2026-02-05T07:56:09","slug":"kapuzenpullover-workout-schwarz","status":"publish","type":"product","link":"https:\/\/pgwear.net\/de\/p\/kapuzenpullover-workout-schwarz\/","title":{"rendered":"Kapuzenpullover &#8220;Workout&#8221; Schwarz"},"content":{"rendered":"<p>Der legend\u00e4re PGWEAR-Hoodie mit eingen\u00e4hter Sturmhaube und ger\u00e4umiger K\u00e4ngurutasche auf der Vorderseite, ist in der neuen Version erh\u00e4ltlich! Er ist mit einem riesigen Aufdruck auf der R\u00fcckseite verziert! Die perfekte Wahl f\u00fcr jeden, der anonym bleiben will, aber trotzdem gerne gro\u00dfe Aufdrucke auf der Stra\u00dfe und im Stadion tr\u00e4gt!  <\/p>\n","protected":false},"excerpt":{"rendered":"<p>Der legend\u00e4re PGWEAR-Hoodie mit eingen\u00e4hter Sturmhaube und ger\u00e4umiger K\u00e4ngurutasche auf der Vorderseite, ist in der neuen Version erh\u00e4ltlich! Er ist mit einem riesigen Aufdruck auf der R\u00fcckseite verziert! Die perfekte Wahl f\u00fcr jeden, der anonym bleiben will, aber trotzdem gerne gro\u00dfe Aufdrucke auf der Stra\u00dfe und im Stadion tr\u00e4gt!  <\/p>\n","protected":false},"featured_media":164618,"template":"","meta":{"_acf_changed":false},"product_brand":[],"product_cat":[3561,3563,610],"product_tag":[3184,3279],"class_list":{"0":"post-154593","1":"product","2":"type-product","3":"status-publish","4":"has-post-thumbnail","6":"product_cat-kapuzenpullover","7":"product_cat-kapuzenpullover-mit-sturmhaube","8":"product_cat-sweatshirts","9":"product_tag-aw24-de","10":"product_tag-letzte-chance","11":"pa_gramatura-340-gr-m2-de","12":"pa_kolekcja-herbst-winter-2024","13":"pa_kolor-schwarz","14":"pa_kroj-raglan-de","15":"pa_material-100-baumwolle-de-2","16":"pa_nadruk-grosser-rueckenaufdruck","17":"pa_rozmiar-l-de","18":"pa_rozmiar-m-de-2","19":"pa_rozmiar-s-de","20":"pa_rozmiar-xl-de","21":"pa_rozmiar-xxl-de","22":"pa_rozmiar-xxxl-de","23":"feature-integrierte-sturmhaube","25":"first","26":"outofstock","27":"taxable","28":"shipping-taxable","29":"product-type-variable"},"acf":[],"_links":{"self":[{"href":"https:\/\/pgwear.net\/de\/wp-json\/wp\/v2\/product\/154593","targetHints":{"allow":["GET"]}}],"collection":[{"href":"https:\/\/pgwear.net\/de\/wp-json\/wp\/v2\/product"}],"about":[{"href":"https:\/\/pgwear.net\/de\/wp-json\/wp\/v2\/types\/product"}],"wp:featuredmedia":[{"embeddable":true,"href":"https:\/\/pgwear.net\/de\/wp-json\/wp\/v2\/media\/164618"}],"wp:attachment":[{"href":"https:\/\/pgwear.net\/de\/wp-json\/wp\/v2\/media?parent=154593"}],"wp:term":[{"taxonomy":"product_brand","embeddable":true,"href":"https:\/\/pgwear.net\/de\/wp-json\/wp\/v2\/product_brand?post=154593"},{"taxonomy":"product_cat","embeddable":true,"href":"https:\/\/pgwear.net\/de\/wp-json\/wp\/v2\/product_cat?post=154593"},{"taxonomy":"product_tag","embeddable":true,"href":"https:\/\/pgwear.net\/de\/wp-json\/wp\/v2\/product_tag?post=154593"}],"curies":[{"name":"wp","href":"https:\/\/api.w.org\/{rel}","templated":true}]}}