{"id":154711,"date":"2024-05-15T11:53:25","date_gmt":"2024-05-15T09:53:25","guid":{"rendered":"https:\/\/pgwear.net\/p\/sweatshirt-logo-schwarz\/"},"modified":"2026-02-18T13:21:07","modified_gmt":"2026-02-18T12:21:07","slug":"sweatshirt-logo-schwarz","status":"publish","type":"product","link":"https:\/\/pgwear.net\/de\/p\/sweatshirt-logo-schwarz\/","title":{"rendered":"Sweatshirt &#8220;Logo&#8221; Schwarz"},"content":{"rendered":"<p>Logomania at its best, wenn es um Fu\u00dfball, Pyro, Emotionen und hochwertige Kleidung von PGWEAR geht! Du wei\u00dft, dass du unser Logo mit Stolz auf der Stra\u00dfe und im Stadion tragen kannst! <\/p>\n","protected":false},"excerpt":{"rendered":"<p>Logomania at its best, wenn es um Fu\u00dfball, Pyro, Emotionen und hochwertige Kleidung von PGWEAR geht! Du wei\u00dft, dass du unser Logo mit Stolz auf der Stra\u00dfe und im Stadion tragen kannst! <\/p>\n","protected":false},"featured_media":164721,"template":"","meta":{"_acf_changed":false},"product_brand":[],"product_cat":[610,3559],"product_tag":[3184,3279],"class_list":{"0":"post-154711","1":"product","2":"type-product","3":"status-publish","4":"has-post-thumbnail","6":"product_cat-sweatshirts","7":"product_cat-sweatshirts-de","8":"product_tag-aw24-de","9":"product_tag-letzte-chance","10":"pa_gramatura-280-gr-m2-de","11":"pa_kolekcja-herbst-winter-2024","12":"pa_kolor-schwarz","13":"pa_kroj-raglan-de","14":"pa_material-100-baumwolle-de-2","15":"pa_nadruk-grosser-brustaufdruck","16":"pa_rozmiar-l-de","17":"pa_rozmiar-m-de-2","18":"pa_rozmiar-s-de","19":"pa_rozmiar-xl-de","20":"pa_rozmiar-xxl-de","21":"pa_rozmiar-xxxl-de","22":"feature-greifmotiv","23":"feature-pyro-thema","25":"first","26":"instock","27":"sale","28":"taxable","29":"shipping-taxable","30":"purchasable","31":"product-type-variable"},"acf":[],"_links":{"self":[{"href":"https:\/\/pgwear.net\/de\/wp-json\/wp\/v2\/product\/154711","targetHints":{"allow":["GET"]}}],"collection":[{"href":"https:\/\/pgwear.net\/de\/wp-json\/wp\/v2\/product"}],"about":[{"href":"https:\/\/pgwear.net\/de\/wp-json\/wp\/v2\/types\/product"}],"wp:featuredmedia":[{"embeddable":true,"href":"https:\/\/pgwear.net\/de\/wp-json\/wp\/v2\/media\/164721"}],"wp:attachment":[{"href":"https:\/\/pgwear.net\/de\/wp-json\/wp\/v2\/media?parent=154711"}],"wp:term":[{"taxonomy":"product_brand","embeddable":true,"href":"https:\/\/pgwear.net\/de\/wp-json\/wp\/v2\/product_brand?post=154711"},{"taxonomy":"product_cat","embeddable":true,"href":"https:\/\/pgwear.net\/de\/wp-json\/wp\/v2\/product_cat?post=154711"},{"taxonomy":"product_tag","embeddable":true,"href":"https:\/\/pgwear.net\/de\/wp-json\/wp\/v2\/product_tag?post=154711"}],"curies":[{"name":"wp","href":"https:\/\/api.w.org\/{rel}","templated":true}]}}