{"id":154765,"date":"2024-05-15T11:53:10","date_gmt":"2024-05-15T09:53:10","guid":{"rendered":"https:\/\/pgwear.net\/p\/trainingsjacke-chief-navy\/"},"modified":"2026-02-06T15:22:45","modified_gmt":"2026-02-06T14:22:45","slug":"trainingsjacke-chief-navy","status":"publish","type":"product","link":"https:\/\/pgwear.net\/de\/p\/trainingsjacke-chief-navy\/","title":{"rendered":"Trainingsjacke &#8220;Chief&#8221; Navy"},"content":{"rendered":"<p>Inspiriert von der Casual-Mode der 80er Jahre kehrt dieses Bekleidungselement in der neuen Version zur\u00fcck! Sportlich und elegant zugleich,wird diese PGWEAR-Trainingsjacke zu jedem Outfit gro\u00dfartig aussehen, egal ob zu Hause oder unterwegs, auf der Stra\u00dfe oder im Stadion!  <\/p>\n","protected":false},"excerpt":{"rendered":"<p>Inspiriert von der Casual-Mode der 80er Jahre kehrt dieses Bekleidungselement in der neuen Version zur\u00fcck! Sportlich und elegant zugleich,wird diese PGWEAR-Trainingsjacke zu jedem Outfit gro\u00dfartig aussehen, egal ob zu Hause oder unterwegs, auf der Stra\u00dfe oder im Stadion!  <\/p>\n","protected":false},"featured_media":164748,"template":"","meta":{"_acf_changed":false},"product_brand":[],"product_cat":[610,3565],"product_tag":[3184,3279],"class_list":{"0":"post-154765","1":"product","2":"type-product","3":"status-publish","4":"has-post-thumbnail","6":"product_cat-sweatshirts","7":"product_cat-trainingsjacken","8":"product_tag-aw24-de","9":"product_tag-letzte-chance","10":"pa_gramatura-280-gr-m2-de","11":"pa_kolekcja-herbst-winter-2024","12":"pa_kolor-marineblau","13":"pa_kroj-klassisch","14":"pa_material-100-polyester-de-3","15":"pa_rozmiar-l-de","16":"pa_rozmiar-m-de-2","17":"pa_rozmiar-s-de","18":"pa_rozmiar-xl-de","19":"pa_rozmiar-xxl-de","20":"pa_rozmiar-xxxl-de","22":"first","23":"outofstock","24":"taxable","25":"shipping-taxable","26":"product-type-variable"},"acf":[],"_links":{"self":[{"href":"https:\/\/pgwear.net\/de\/wp-json\/wp\/v2\/product\/154765","targetHints":{"allow":["GET"]}}],"collection":[{"href":"https:\/\/pgwear.net\/de\/wp-json\/wp\/v2\/product"}],"about":[{"href":"https:\/\/pgwear.net\/de\/wp-json\/wp\/v2\/types\/product"}],"wp:featuredmedia":[{"embeddable":true,"href":"https:\/\/pgwear.net\/de\/wp-json\/wp\/v2\/media\/164748"}],"wp:attachment":[{"href":"https:\/\/pgwear.net\/de\/wp-json\/wp\/v2\/media?parent=154765"}],"wp:term":[{"taxonomy":"product_brand","embeddable":true,"href":"https:\/\/pgwear.net\/de\/wp-json\/wp\/v2\/product_brand?post=154765"},{"taxonomy":"product_cat","embeddable":true,"href":"https:\/\/pgwear.net\/de\/wp-json\/wp\/v2\/product_cat?post=154765"},{"taxonomy":"product_tag","embeddable":true,"href":"https:\/\/pgwear.net\/de\/wp-json\/wp\/v2\/product_tag?post=154765"}],"curies":[{"name":"wp","href":"https:\/\/api.w.org\/{rel}","templated":true}]}}