{"id":154792,"date":"2024-05-15T11:52:59","date_gmt":"2024-05-15T09:52:59","guid":{"rendered":"https:\/\/pgwear.net\/p\/t-shirt-no-tickets-schwarz\/"},"modified":"2026-03-20T14:21:00","modified_gmt":"2026-03-20T13:21:00","slug":"t-shirt-no-tickets-schwarz","status":"publish","type":"product","link":"https:\/\/pgwear.net\/de\/p\/t-shirt-no-tickets-schwarz\/","title":{"rendered":"T-shirt &#8220;No Tickets&#8221; Schwarz"},"content":{"rendered":"<p>Gro\u00dfe Ultrastyle-Prints kommen auf der Stra\u00dfe und im Stadion nie aus der Mode! Deshalb pr\u00e4sentieren wir ein klassisches T-Shirt mit Print auf der R\u00fcckseite! Dieses Mal ist es einer der Ideen gewidmet, die heutzutage unter Fans der unteren Ligen oder vor einigen Jahren unter Fans der h\u00f6heren Ligen weit verbreitet sind &#8211; NO TICKETS NO PROBLEM!  <\/p>\n","protected":false},"excerpt":{"rendered":"<p>Gro\u00dfe Ultrastyle-Prints kommen auf der Stra\u00dfe und im Stadion nie aus der Mode! Deshalb pr\u00e4sentieren wir ein klassisches T-Shirt mit Print auf der R\u00fcckseite! Dieses Mal ist es einer der Ideen gewidmet, die heutzutage unter Fans der unteren Ligen oder vor einigen Jahren unter Fans der h\u00f6heren Ligen weit verbreitet sind &#8211; NO TICKETS NO PROBLEM!  <\/p>\n","protected":false},"featured_media":164776,"template":"","meta":{"_acf_changed":false},"product_brand":[],"product_cat":[660],"product_tag":[3184],"class_list":{"0":"post-154792","1":"product","2":"type-product","3":"status-publish","4":"has-post-thumbnail","6":"product_cat-t-shirts-de","7":"product_tag-aw24-de","8":"pa_gramatura-180-gr-m2-de","9":"pa_kolekcja-herbst-winter-2024","10":"pa_kolor-schwarz","11":"pa_kroj-klassisch","12":"pa_material-100-baumwolle-de-2","13":"pa_nadruk-grosser-brustaufdruck","14":"pa_nadruk-grosser-rueckenaufdruck","15":"pa_rozmiar-l-de","16":"pa_rozmiar-m-de-2","17":"pa_rozmiar-s-de","18":"pa_rozmiar-xl-de","19":"pa_rozmiar-xxl-de","20":"pa_rozmiar-xxxl-de","22":"first","23":"instock","24":"taxable","25":"shipping-taxable","26":"purchasable","27":"product-type-variable"},"acf":[],"_links":{"self":[{"href":"https:\/\/pgwear.net\/de\/wp-json\/wp\/v2\/product\/154792","targetHints":{"allow":["GET"]}}],"collection":[{"href":"https:\/\/pgwear.net\/de\/wp-json\/wp\/v2\/product"}],"about":[{"href":"https:\/\/pgwear.net\/de\/wp-json\/wp\/v2\/types\/product"}],"wp:featuredmedia":[{"embeddable":true,"href":"https:\/\/pgwear.net\/de\/wp-json\/wp\/v2\/media\/164776"}],"wp:attachment":[{"href":"https:\/\/pgwear.net\/de\/wp-json\/wp\/v2\/media?parent=154792"}],"wp:term":[{"taxonomy":"product_brand","embeddable":true,"href":"https:\/\/pgwear.net\/de\/wp-json\/wp\/v2\/product_brand?post=154792"},{"taxonomy":"product_cat","embeddable":true,"href":"https:\/\/pgwear.net\/de\/wp-json\/wp\/v2\/product_cat?post=154792"},{"taxonomy":"product_tag","embeddable":true,"href":"https:\/\/pgwear.net\/de\/wp-json\/wp\/v2\/product_tag?post=154792"}],"curies":[{"name":"wp","href":"https:\/\/api.w.org\/{rel}","templated":true}]}}