{"id":154832,"date":"2024-05-15T11:52:40","date_gmt":"2024-05-15T09:52:40","guid":{"rendered":"https:\/\/pgwear.net\/p\/t-shirt-inscription-navy\/"},"modified":"2026-02-05T17:17:10","modified_gmt":"2026-02-05T16:17:10","slug":"t-shirt-inscription-navy","status":"publish","type":"product","link":"https:\/\/pgwear.net\/de\/p\/t-shirt-inscription-navy\/","title":{"rendered":"T-shirt &#8220;Inscription&#8221; Navy"},"content":{"rendered":"<p>Gro\u00dfe Ultrastyle-Prints kommen auf der Stra\u00dfe und im Stadion nie aus der Mode! Deshalb pr\u00e4sentieren wir ein klassisches T-Shirt mit PGWEAR als Slogan auf der R\u00fcckseite! Trage es stolz! W\u00e4hle deine Lieblingsvariante aus vier verf\u00fcgbaren Farben!   <\/p>\n","protected":false},"excerpt":{"rendered":"<p>Gro\u00dfe Ultrastyle-Prints kommen auf der Stra\u00dfe und im Stadion nie aus der Mode! Deshalb pr\u00e4sentieren wir ein klassisches T-Shirt mit PGWEAR als Slogan auf der R\u00fcckseite! Trage es stolz! W\u00e4hle deine Lieblingsvariante aus vier verf\u00fcgbaren Farben!   <\/p>\n","protected":false},"featured_media":164821,"template":"","meta":{"_acf_changed":false},"product_brand":[],"product_cat":[660],"product_tag":[3184,3279],"class_list":{"0":"post-154832","1":"product","2":"type-product","3":"status-publish","4":"has-post-thumbnail","6":"product_cat-t-shirts-de","7":"product_tag-aw24-de","8":"product_tag-letzte-chance","9":"pa_gramatura-180-gr-m2-de","10":"pa_kolekcja-herbst-winter-2024","11":"pa_kolor-marineblau","12":"pa_kroj-klassisch","13":"pa_material-100-baumwolle-de-2","14":"pa_nadruk-grosser-rueckenaufdruck","15":"pa_rozmiar-l-de","16":"pa_rozmiar-m-de-2","17":"pa_rozmiar-s-de","18":"pa_rozmiar-xl-de","19":"pa_rozmiar-xxl-de","20":"pa_rozmiar-xxxl-de","22":"first","23":"outofstock","24":"taxable","25":"shipping-taxable","26":"product-type-variable"},"acf":[],"_links":{"self":[{"href":"https:\/\/pgwear.net\/de\/wp-json\/wp\/v2\/product\/154832","targetHints":{"allow":["GET"]}}],"collection":[{"href":"https:\/\/pgwear.net\/de\/wp-json\/wp\/v2\/product"}],"about":[{"href":"https:\/\/pgwear.net\/de\/wp-json\/wp\/v2\/types\/product"}],"wp:featuredmedia":[{"embeddable":true,"href":"https:\/\/pgwear.net\/de\/wp-json\/wp\/v2\/media\/164821"}],"wp:attachment":[{"href":"https:\/\/pgwear.net\/de\/wp-json\/wp\/v2\/media?parent=154832"}],"wp:term":[{"taxonomy":"product_brand","embeddable":true,"href":"https:\/\/pgwear.net\/de\/wp-json\/wp\/v2\/product_brand?post=154832"},{"taxonomy":"product_cat","embeddable":true,"href":"https:\/\/pgwear.net\/de\/wp-json\/wp\/v2\/product_cat?post=154832"},{"taxonomy":"product_tag","embeddable":true,"href":"https:\/\/pgwear.net\/de\/wp-json\/wp\/v2\/product_tag?post=154832"}],"curies":[{"name":"wp","href":"https:\/\/api.w.org\/{rel}","templated":true}]}}