{"id":155068,"date":"2024-05-15T11:52:08","date_gmt":"2024-05-15T09:52:08","guid":{"rendered":"https:\/\/pgwear.net\/p\/t-shirt-excursion-schwarz\/"},"modified":"2026-03-20T14:24:43","modified_gmt":"2026-03-20T13:24:43","slug":"t-shirt-excursion-schwarz","status":"publish","type":"product","link":"https:\/\/pgwear.net\/de\/p\/t-shirt-excursion-schwarz\/","title":{"rendered":"T-shirt &#8220;Excursion&#8221; Schwarz"},"content":{"rendered":"<p>Wir m\u00f6chten den Vormittag im Zug auf dem Weg zum Ausw\u00e4rsspiel verbringen, den Nachmittag auf der Trib\u00fcne mit einer Fackel, um den geliebten Fu\u00dfballverein zu unterst\u00fctzen und den Abend mit treuen Freunden im Pub verbringen! Dies ist der beste Ausflug f\u00fcr jeden Ultras, Fan oder Hooligan! <\/p>\n","protected":false},"excerpt":{"rendered":"<p>Wir m\u00f6chten den Vormittag im Zug auf dem Weg zum Ausw\u00e4rsspiel verbringen, den Nachmittag auf der Trib\u00fcne mit einer Fackel, um den geliebten Fu\u00dfballverein zu unterst\u00fctzen und den Abend mit treuen Freunden im Pub verbringen! Dies ist der beste Ausflug f\u00fcr jeden Ultras, Fan oder Hooligan! <\/p>\n","protected":false},"featured_media":164948,"template":"","meta":{"_acf_changed":false},"product_brand":[],"product_cat":[660],"product_tag":[3184],"class_list":{"0":"post-155068","1":"product","2":"type-product","3":"status-publish","4":"has-post-thumbnail","6":"product_cat-t-shirts-de","7":"product_tag-aw24-de","8":"pa_gramatura-180-gr-m2-de","9":"pa_kolekcja-herbst-winter-2024","10":"pa_kolor-schwarz","11":"pa_kroj-klassisch","12":"pa_material-100-baumwolle-de-2","13":"pa_nadruk-grosser-brustaufdruck","14":"pa_rozmiar-l-de","15":"pa_rozmiar-m-de-2","16":"pa_rozmiar-s-de","17":"pa_rozmiar-xl-de","18":"pa_rozmiar-xxl-de","19":"pa_rozmiar-xxxl-de","20":"feature-acab-de","21":"feature-awayday-de","23":"first","24":"instock","25":"taxable","26":"shipping-taxable","27":"purchasable","28":"product-type-variable"},"acf":[],"_links":{"self":[{"href":"https:\/\/pgwear.net\/de\/wp-json\/wp\/v2\/product\/155068","targetHints":{"allow":["GET"]}}],"collection":[{"href":"https:\/\/pgwear.net\/de\/wp-json\/wp\/v2\/product"}],"about":[{"href":"https:\/\/pgwear.net\/de\/wp-json\/wp\/v2\/types\/product"}],"wp:featuredmedia":[{"embeddable":true,"href":"https:\/\/pgwear.net\/de\/wp-json\/wp\/v2\/media\/164948"}],"wp:attachment":[{"href":"https:\/\/pgwear.net\/de\/wp-json\/wp\/v2\/media?parent=155068"}],"wp:term":[{"taxonomy":"product_brand","embeddable":true,"href":"https:\/\/pgwear.net\/de\/wp-json\/wp\/v2\/product_brand?post=155068"},{"taxonomy":"product_cat","embeddable":true,"href":"https:\/\/pgwear.net\/de\/wp-json\/wp\/v2\/product_cat?post=155068"},{"taxonomy":"product_tag","embeddable":true,"href":"https:\/\/pgwear.net\/de\/wp-json\/wp\/v2\/product_tag?post=155068"}],"curies":[{"name":"wp","href":"https:\/\/api.w.org\/{rel}","templated":true}]}}