{"id":155225,"date":"2024-05-15T11:51:42","date_gmt":"2024-05-15T09:51:42","guid":{"rendered":"https:\/\/pgwear.net\/p\/t-shirt-spendings-weiss\/"},"modified":"2026-02-06T14:51:25","modified_gmt":"2026-02-06T13:51:25","slug":"t-shirt-spendings-weiss","status":"publish","type":"product","link":"https:\/\/pgwear.net\/de\/p\/t-shirt-spendings-weiss\/","title":{"rendered":"T-shirt &#8220;Spendings&#8221; White"},"content":{"rendered":"<p>Bier ist in der Fu\u00dfballkultur nicht einfach nur ein Getr\u00e4nk! Es wird mit abenteuerlichen Ausw\u00e4rtsspielen, Torjubel auf der Trib\u00fcne, endlosen Stunden mit treuen Kumpels in der Stammkneipe in Verbindung gebracht\u2026 In diesem Print kommt beides zusammen \u2013 Fu\u00dfball und Bier sind unser aller Ausgaben! <\/p>\n","protected":false},"excerpt":{"rendered":"<p>Bier ist in der Fu\u00dfballkultur nicht einfach nur ein Getr\u00e4nk! Es wird mit abenteuerlichen Ausw\u00e4rtsspielen, Torjubel auf der Trib\u00fcne, endlosen Stunden mit treuen Kumpels in der Stammkneipe in Verbindung gebracht\u2026 In diesem Print kommt beides zusammen \u2013 Fu\u00dfball und Bier sind unser aller Ausgaben! <\/p>\n","protected":false},"featured_media":165031,"template":"","meta":{"_acf_changed":false},"product_brand":[],"product_cat":[660],"product_tag":[3184,3279],"class_list":{"0":"post-155225","1":"product","2":"type-product","3":"status-publish","4":"has-post-thumbnail","6":"product_cat-t-shirts-de","7":"product_tag-aw24-de","8":"product_tag-letzte-chance","9":"pa_gramatura-180-gr-m2-de","10":"pa_kolekcja-herbst-winter-2024","11":"pa_kolor-weiss","12":"pa_kroj-klassisch","13":"pa_material-100-baumwolle-de-2","14":"pa_nadruk-aufdruck-links-auf-der-brust","15":"pa_nadruk-grosser-rueckenaufdruck","16":"pa_rozmiar-l-de","17":"pa_rozmiar-m-de-2","18":"pa_rozmiar-s-de","19":"pa_rozmiar-xl-de","20":"pa_rozmiar-xxl-de","21":"pa_rozmiar-xxxl-de","22":"feature-ball-thema","23":"feature-thema-bier","25":"first","26":"outofstock","27":"taxable","28":"shipping-taxable","29":"product-type-variable"},"acf":[],"_links":{"self":[{"href":"https:\/\/pgwear.net\/de\/wp-json\/wp\/v2\/product\/155225","targetHints":{"allow":["GET"]}}],"collection":[{"href":"https:\/\/pgwear.net\/de\/wp-json\/wp\/v2\/product"}],"about":[{"href":"https:\/\/pgwear.net\/de\/wp-json\/wp\/v2\/types\/product"}],"wp:featuredmedia":[{"embeddable":true,"href":"https:\/\/pgwear.net\/de\/wp-json\/wp\/v2\/media\/165031"}],"wp:attachment":[{"href":"https:\/\/pgwear.net\/de\/wp-json\/wp\/v2\/media?parent=155225"}],"wp:term":[{"taxonomy":"product_brand","embeddable":true,"href":"https:\/\/pgwear.net\/de\/wp-json\/wp\/v2\/product_brand?post=155225"},{"taxonomy":"product_cat","embeddable":true,"href":"https:\/\/pgwear.net\/de\/wp-json\/wp\/v2\/product_cat?post=155225"},{"taxonomy":"product_tag","embeddable":true,"href":"https:\/\/pgwear.net\/de\/wp-json\/wp\/v2\/product_tag?post=155225"}],"curies":[{"name":"wp","href":"https:\/\/api.w.org\/{rel}","templated":true}]}}