{"id":155346,"date":"2024-05-15T11:51:24","date_gmt":"2024-05-15T09:51:24","guid":{"rendered":"https:\/\/pgwear.net\/p\/wende-fischerhut-tropic\/"},"modified":"2026-04-23T15:10:35","modified_gmt":"2026-04-23T13:10:35","slug":"wende-fischerhut-tropic","status":"publish","type":"product","link":"https:\/\/pgwear.net\/de\/p\/wende-fischerhut-tropic\/","title":{"rendered":"Wende-Fischerhut &#8220;Tropic&#8221;"},"content":{"rendered":"<p>Der absolute Hit der letzten Jahre! Die Fischerm\u00fctze!!!  Hol dir den von PGWEAR und bedecke deinen Kopf sowoh auf der Stra\u00dfe als auch im Stadion richtig! Wir sind stolz darauf, die doppelseitige Version zu pr\u00e4sentieren &#8211; 2 in 1!<\/p>\n","protected":false},"excerpt":{"rendered":"<p>Der absolute Hit der letzten Jahre! Die Fischerm\u00fctze!!!  Hol dir den von PGWEAR und bedecke deinen Kopf sowoh auf der Stra\u00dfe als auch im Stadion richtig! Wir sind stolz darauf, die doppelseitige Version zu pr\u00e4sentieren &#8211; 2 in 1!<\/p>\n","protected":false},"featured_media":165129,"template":"","meta":{"_acf_changed":false},"product_brand":[],"product_cat":[3569,652],"product_tag":[3184],"class_list":{"0":"post-155346","1":"product","2":"type-product","3":"status-publish","4":"has-post-thumbnail","6":"product_cat-fischerhuete","7":"product_cat-mutzen","8":"product_tag-aw24-de","9":"pa_kolekcja-herbst-winter-2024","10":"pa_kolor-marineblau","11":"pa_kolor-schwarz","12":"pa_material-100-polyester-de-3","13":"feature-fischerhut","14":"feature-wendekleidung","16":"first","17":"instock","18":"sale","19":"taxable","20":"shipping-taxable","21":"purchasable","22":"product-type-simple"},"acf":[],"_links":{"self":[{"href":"https:\/\/pgwear.net\/de\/wp-json\/wp\/v2\/product\/155346","targetHints":{"allow":["GET"]}}],"collection":[{"href":"https:\/\/pgwear.net\/de\/wp-json\/wp\/v2\/product"}],"about":[{"href":"https:\/\/pgwear.net\/de\/wp-json\/wp\/v2\/types\/product"}],"wp:featuredmedia":[{"embeddable":true,"href":"https:\/\/pgwear.net\/de\/wp-json\/wp\/v2\/media\/165129"}],"wp:attachment":[{"href":"https:\/\/pgwear.net\/de\/wp-json\/wp\/v2\/media?parent=155346"}],"wp:term":[{"taxonomy":"product_brand","embeddable":true,"href":"https:\/\/pgwear.net\/de\/wp-json\/wp\/v2\/product_brand?post=155346"},{"taxonomy":"product_cat","embeddable":true,"href":"https:\/\/pgwear.net\/de\/wp-json\/wp\/v2\/product_cat?post=155346"},{"taxonomy":"product_tag","embeddable":true,"href":"https:\/\/pgwear.net\/de\/wp-json\/wp\/v2\/product_tag?post=155346"}],"curies":[{"name":"wp","href":"https:\/\/api.w.org\/{rel}","templated":true}]}}