{"id":155842,"date":"2024-05-15T11:51:22","date_gmt":"2024-05-15T09:51:22","guid":{"rendered":"https:\/\/pgwear.net\/p\/wintermuetze-mariner-navy\/"},"modified":"2026-01-02T21:48:48","modified_gmt":"2026-01-02T20:48:48","slug":"wintermuetze-mariner-navy","status":"publish","type":"product","link":"https:\/\/pgwear.net\/de\/p\/wintermuetze-mariner-navy\/","title":{"rendered":"Winterm\u00fctze &#8220;Mariner&#8221; Navy"},"content":{"rendered":"<p>Du suchst eine M\u00fctze, die deinen Kopf vor der K\u00e4lte sch\u00fctzt und sowohl auf der Stra\u00dfe als auch im Stadion gut aussieht? Dann ist dies die Winterm\u00fctze von PGWEAR MARINER! Stil, Komfort und Qualit\u00e4t garantiert!  <\/p>\n","protected":false},"excerpt":{"rendered":"<p>Du suchst eine M\u00fctze, die deinen Kopf vor der K\u00e4lte sch\u00fctzt und sowohl auf der Stra\u00dfe als auch im Stadion gut aussieht? Dann ist dies die Winterm\u00fctze von PGWEAR MARINER! Stil, Komfort und Qualit\u00e4t garantiert!  <\/p>\n","protected":false},"featured_media":165153,"template":"","meta":{"_acf_changed":false},"product_brand":[],"product_cat":[652,3573],"product_tag":[3184],"class_list":{"0":"post-155842","1":"product","2":"type-product","3":"status-publish","4":"has-post-thumbnail","6":"product_cat-mutzen","7":"product_cat-wintermuetzen","8":"product_tag-aw24-de","9":"pa_kolekcja-herbst-winter-2024","10":"pa_kolor-marineblau","11":"pa_material-19-polyamid","12":"pa_material-32-polyester","13":"pa_material-49-viskose","14":"feature-wintermuetze","16":"first","17":"instock","18":"taxable","19":"shipping-taxable","20":"purchasable","21":"product-type-simple"},"acf":[],"_links":{"self":[{"href":"https:\/\/pgwear.net\/de\/wp-json\/wp\/v2\/product\/155842","targetHints":{"allow":["GET"]}}],"collection":[{"href":"https:\/\/pgwear.net\/de\/wp-json\/wp\/v2\/product"}],"about":[{"href":"https:\/\/pgwear.net\/de\/wp-json\/wp\/v2\/types\/product"}],"wp:featuredmedia":[{"embeddable":true,"href":"https:\/\/pgwear.net\/de\/wp-json\/wp\/v2\/media\/165153"}],"wp:attachment":[{"href":"https:\/\/pgwear.net\/de\/wp-json\/wp\/v2\/media?parent=155842"}],"wp:term":[{"taxonomy":"product_brand","embeddable":true,"href":"https:\/\/pgwear.net\/de\/wp-json\/wp\/v2\/product_brand?post=155842"},{"taxonomy":"product_cat","embeddable":true,"href":"https:\/\/pgwear.net\/de\/wp-json\/wp\/v2\/product_cat?post=155842"},{"taxonomy":"product_tag","embeddable":true,"href":"https:\/\/pgwear.net\/de\/wp-json\/wp\/v2\/product_tag?post=155842"}],"curies":[{"name":"wp","href":"https:\/\/api.w.org\/{rel}","templated":true}]}}