{"id":156799,"date":"2024-05-15T11:54:48","date_gmt":"2024-05-15T09:54:48","guid":{"rendered":"https:\/\/pgwear.net\/p\/full-face-jacke-attack-navy\/"},"modified":"2025-11-05T13:50:15","modified_gmt":"2025-11-05T12:50:15","slug":"full-face-jacke-attack-navy","status":"publish","type":"product","link":"https:\/\/pgwear.net\/de\/p\/full-face-jacke-attack-navy\/","title":{"rendered":"Full Face Jacke &#8220;Attack&#8221; Navy"},"content":{"rendered":"<p>Die kultige Anorak-Jacke von PGWEAR mit in die Kapuze eingen\u00e4hter Sturmhaube ist ein Must-have in jeder Ultra-, Casual- oder Fu\u00dfballfan-Garderobe! Die ger\u00e4umige K\u00e4ngurutasche auf der Vorderseite sorgt daf\u00fcr, dass du auf der Trib\u00fcne alles dabei hast, was du brauchst. Diesmal ist dieses ber\u00fchmte Produkt in der Kombination aus drei Farben erh\u00e4ltlich \u2013 Navy, Wei\u00df und Rot \u2013 und sorgt f\u00fcr Stil und Komfort an k\u00e4lteren Tagen auf der Stra\u00dfe und im Stadion!  <\/p>\n","protected":false},"excerpt":{"rendered":"<p>Die kultige Anorak-Jacke von PGWEAR mit in die Kapuze eingen\u00e4hter Sturmhaube ist ein Must-have in jeder Ultra-, Casual- oder Fu\u00dfballfan-Garderobe! Die ger\u00e4umige K\u00e4ngurutasche auf der Vorderseite sorgt daf\u00fcr, dass du auf der Trib\u00fcne alles dabei hast, was du brauchst. Diesmal ist dieses ber\u00fchmte Produkt in der Kombination aus drei Farben erh\u00e4ltlich \u2013 Navy, Wei\u00df und Rot \u2013 und sorgt f\u00fcr Stil und Komfort an k\u00e4lteren Tagen auf der Stra\u00dfe und im Stadion!  <\/p>\n","protected":false},"featured_media":164243,"template":"","meta":{"_acf_changed":false},"product_brand":[],"product_cat":[656,3587],"product_tag":[3184],"class_list":{"0":"post-156799","1":"product","2":"type-product","3":"status-publish","4":"has-post-thumbnail","6":"product_cat-jacken","7":"product_cat-winterjacken","8":"product_tag-aw24-de","9":"pa_gramatura-180-gr-m2-de","10":"pa_kolekcja-herbst-winter-2024","11":"pa_kolor-marineblau-weis-rot","12":"pa_kroj-klassisch","13":"pa_material-100-polyester-de-3","14":"pa_rozmiar-l-de","15":"pa_rozmiar-m-de-2","16":"pa_rozmiar-s-de","17":"pa_rozmiar-xl-de","18":"pa_rozmiar-xxl-de","19":"pa_rozmiar-xxxl-de","20":"feature-integrierte-sturmhaube","22":"first","23":"instock","24":"sale","25":"taxable","26":"shipping-taxable","27":"purchasable","28":"product-type-variable"},"acf":[],"_links":{"self":[{"href":"https:\/\/pgwear.net\/de\/wp-json\/wp\/v2\/product\/156799","targetHints":{"allow":["GET"]}}],"collection":[{"href":"https:\/\/pgwear.net\/de\/wp-json\/wp\/v2\/product"}],"about":[{"href":"https:\/\/pgwear.net\/de\/wp-json\/wp\/v2\/types\/product"}],"wp:featuredmedia":[{"embeddable":true,"href":"https:\/\/pgwear.net\/de\/wp-json\/wp\/v2\/media\/164243"}],"wp:attachment":[{"href":"https:\/\/pgwear.net\/de\/wp-json\/wp\/v2\/media?parent=156799"}],"wp:term":[{"taxonomy":"product_brand","embeddable":true,"href":"https:\/\/pgwear.net\/de\/wp-json\/wp\/v2\/product_brand?post=156799"},{"taxonomy":"product_cat","embeddable":true,"href":"https:\/\/pgwear.net\/de\/wp-json\/wp\/v2\/product_cat?post=156799"},{"taxonomy":"product_tag","embeddable":true,"href":"https:\/\/pgwear.net\/de\/wp-json\/wp\/v2\/product_tag?post=156799"}],"curies":[{"name":"wp","href":"https:\/\/api.w.org\/{rel}","templated":true}]}}