{"id":162658,"date":"2024-07-18T11:12:17","date_gmt":"2024-07-18T09:12:17","guid":{"rendered":"https:\/\/pgwear.net\/p\/kurtka-z-kominiarka-powder-dark-grey\/"},"modified":"2025-11-05T13:47:34","modified_gmt":"2025-11-05T12:47:34","slug":"kurtka-z-kominiarka-powder-dark-grey","status":"publish","type":"product","link":"https:\/\/pgwear.net\/de\/p\/kurtka-z-kominiarka-powder-dark-grey\/","title":{"rendered":"Full Face Jacke &#8220;Powder&#8221; Dark Grey"},"content":{"rendered":"<p>Die klassische, sportliche Jacke von PGWEAR mit Kapuze passt perfekt zu jedem Outfit auf der Stra\u00dfe oder im Stadion. Im Kragen ist eine Sturmhaube eingen\u00e4ht, die dich vor \u00dcberwachungskameras und der Polizei auf der Trib\u00fcne sch\u00fctzt! <\/p>\n","protected":false},"excerpt":{"rendered":"<p>Die klassische, sportliche Jacke von PGWEAR mit Kapuze passt perfekt zu jedem Outfit auf der Stra\u00dfe oder im Stadion.<\/p>\n","protected":false},"featured_media":162635,"template":"","meta":{"_acf_changed":false},"product_brand":[],"product_cat":[656,3587],"product_tag":[3184],"class_list":{"0":"post-162658","1":"product","2":"type-product","3":"status-publish","4":"has-post-thumbnail","6":"product_cat-jacken","7":"product_cat-winterjacken","8":"product_tag-aw24-de","9":"pa_gramatura-120-gr-m2-de","10":"pa_kolekcja-herbst-winter-2024","11":"pa_kolor-dunkelgrau","12":"pa_kroj-klassisch","13":"pa_material-100-polyester-de-3","14":"pa_rozmiar-l-de","15":"pa_rozmiar-m-de-2","16":"pa_rozmiar-s-de","17":"pa_rozmiar-xl-de","18":"pa_rozmiar-xxl-de","19":"pa_rozmiar-xxxl-de","20":"feature-integrierte-sturmhaube","22":"first","23":"instock","24":"taxable","25":"shipping-taxable","26":"purchasable","27":"product-type-variable"},"acf":[],"_links":{"self":[{"href":"https:\/\/pgwear.net\/de\/wp-json\/wp\/v2\/product\/162658","targetHints":{"allow":["GET"]}}],"collection":[{"href":"https:\/\/pgwear.net\/de\/wp-json\/wp\/v2\/product"}],"about":[{"href":"https:\/\/pgwear.net\/de\/wp-json\/wp\/v2\/types\/product"}],"wp:featuredmedia":[{"embeddable":true,"href":"https:\/\/pgwear.net\/de\/wp-json\/wp\/v2\/media\/162635"}],"wp:attachment":[{"href":"https:\/\/pgwear.net\/de\/wp-json\/wp\/v2\/media?parent=162658"}],"wp:term":[{"taxonomy":"product_brand","embeddable":true,"href":"https:\/\/pgwear.net\/de\/wp-json\/wp\/v2\/product_brand?post=162658"},{"taxonomy":"product_cat","embeddable":true,"href":"https:\/\/pgwear.net\/de\/wp-json\/wp\/v2\/product_cat?post=162658"},{"taxonomy":"product_tag","embeddable":true,"href":"https:\/\/pgwear.net\/de\/wp-json\/wp\/v2\/product_tag?post=162658"}],"curies":[{"name":"wp","href":"https:\/\/api.w.org\/{rel}","templated":true}]}}