{"id":162750,"date":"2024-07-18T11:12:13","date_gmt":"2024-07-18T09:12:13","guid":{"rendered":"https:\/\/pgwear.net\/p\/full-face-jacke-norway-olive\/"},"modified":"2026-02-17T13:36:53","modified_gmt":"2026-02-17T12:36:53","slug":"full-face-jacke-norway-olive","status":"publish","type":"product","link":"https:\/\/pgwear.net\/de\/p\/full-face-jacke-norway-olive\/","title":{"rendered":"Full Face Jacke &#8220;Norway&#8221; Olive"},"content":{"rendered":"<p>Diese klassische, l\u00e4ssig geschnittene Parkajacke von PGWEAR ist ein Must-Have f\u00fcr den Winter! Die Jacke verf\u00fcgt \u00fcber eine eingen\u00e4hte Maske, die dir die Sicherheit und Anonymit\u00e4t auf der Trib\u00fcne vor Polizei und CCTV-Kameras gew\u00e4hrleistet! Dieses Teil macht jedes l\u00e4ssige Outfit perfekt, egal ob du dich im Stadion, auf der Stra\u00dfe oder vielleicht im Theater befindest!  Dieses Kleidungsst\u00fcck wird daf\u00fcr sorgen, dass du darin immer gut aussiehst, egal ob du im Stadion, auf der Stra\u00dfe oder vielleicht im Theater bist!<\/p>\n","protected":false},"excerpt":{"rendered":"<p>Diese klassische, l\u00e4ssig geschnittene Parkajacke von PGWEAR ist ein Must-Have f\u00fcr den Winter! Die Jacke verf\u00fcgt \u00fcber eine eingen\u00e4hte Maske, die dir die Sicherheit und Anonymit\u00e4t auf der Trib\u00fcne vor Polizei und CCTV-Kameras gew\u00e4hrleistet! Dieses Teil macht jedes l\u00e4ssige Outfit perfekt, egal ob du dich im Stadion, auf der Stra\u00dfe oder vielleicht im Theater befindest!  Dieses Kleidungsst\u00fcck wird daf\u00fcr sorgen, dass du darin immer gut aussiehst, egal ob du im Stadion, auf der Stra\u00dfe oder vielleicht im Theater bist!<\/p>\n","protected":false},"featured_media":162733,"template":"","meta":{"_acf_changed":false},"product_brand":[],"product_cat":[656,3587],"product_tag":[3184],"class_list":{"0":"post-162750","1":"product","2":"type-product","3":"status-publish","4":"has-post-thumbnail","6":"product_cat-jacken","7":"product_cat-winterjacken","8":"product_tag-aw24-de","9":"pa_gramatura-220-gr-m2-de","10":"pa_kolekcja-herbst-winter-2024","11":"pa_kolor-olivgruen-de","12":"pa_kroj-klassisch","13":"pa_material-100-polyester-de-3","14":"pa_rozmiar-l-de","15":"pa_rozmiar-m-de-2","16":"pa_rozmiar-s-de","17":"pa_rozmiar-xl-de","18":"pa_rozmiar-xxl-de","19":"pa_rozmiar-xxxl-de","20":"feature-integrierte-sturmhaube","22":"first","23":"instock","24":"taxable","25":"shipping-taxable","26":"purchasable","27":"product-type-variable"},"acf":[],"_links":{"self":[{"href":"https:\/\/pgwear.net\/de\/wp-json\/wp\/v2\/product\/162750","targetHints":{"allow":["GET"]}}],"collection":[{"href":"https:\/\/pgwear.net\/de\/wp-json\/wp\/v2\/product"}],"about":[{"href":"https:\/\/pgwear.net\/de\/wp-json\/wp\/v2\/types\/product"}],"wp:featuredmedia":[{"embeddable":true,"href":"https:\/\/pgwear.net\/de\/wp-json\/wp\/v2\/media\/162733"}],"wp:attachment":[{"href":"https:\/\/pgwear.net\/de\/wp-json\/wp\/v2\/media?parent=162750"}],"wp:term":[{"taxonomy":"product_brand","embeddable":true,"href":"https:\/\/pgwear.net\/de\/wp-json\/wp\/v2\/product_brand?post=162750"},{"taxonomy":"product_cat","embeddable":true,"href":"https:\/\/pgwear.net\/de\/wp-json\/wp\/v2\/product_cat?post=162750"},{"taxonomy":"product_tag","embeddable":true,"href":"https:\/\/pgwear.net\/de\/wp-json\/wp\/v2\/product_tag?post=162750"}],"curies":[{"name":"wp","href":"https:\/\/api.w.org\/{rel}","templated":true}]}}