{"id":17204,"date":"2022-01-21T12:03:17","date_gmt":"2022-01-21T11:03:17","guid":{"rendered":"https:\/\/dev.pgwear.net\/p\/pgwear-sneaker-not-for-runners-grey\/"},"modified":"2026-02-05T08:56:06","modified_gmt":"2026-02-05T07:56:06","slug":"ss19-pgwear-sneaker-not-for-runners-grey","status":"publish","type":"product","link":"https:\/\/pgwear.net\/de\/p\/ss19-pgwear-sneaker-not-for-runners-grey\/","title":{"rendered":"PGWEAR Sneaker &#8220;Not For Runners&#8221; Grey"},"content":{"rendered":"<p>Die ersten <a href=\"https:\/\/pgwear.net\/de\/feature\/schuhe\/\">Schuhe<\/a> in der PGWEAR-Geschichte.<\/p>\n<p>Wir haben uns bem\u00fcht, das beste Paar Schuhe zu produzieren, das du je hattest.<br \/>\nIn Polen hergestellt, aus hochwertigsten Materialien.<\/p>\n<p>Made for standing \u2013 not running!<\/p>\n<p>\u2022 Obermaterial: 100 % Naturleder<br \/>\n\u2022 Innenschuh: 100 % Naturleder<br \/>\n\u2022 Sohle: Hochwertiges Gummi<\/p>\n<p>Wie w\u00e4hle ich die richtige Schuhgr\u00f6\u00dfe?<\/p>\n<p>1. Stellen Sie Ihren nackten Fu\u00df auf ein Blatt Papier.<br \/>\n2. Markieren Sie Ihre Ferse und die Stelle, an der Ihr l\u00e4ngster Zeh endet.<br \/>\n3. Messen Sie die L\u00e4nge von Ihrer Ferse bis zu Ihrem l\u00e4ngsten Zeh (in Zentimetern).<br \/>\n4. Addieren Sie ca. 0,5 cm zum gemessenen Ma\u00df.<br \/>\n5. W\u00e4hlen Sie Ihre PGWEAR-Schuhgr\u00f6\u00dfe:<\/p>\n<p><img loading=\"lazy\" decoding=\"async\" class=\"alignnone size-full wp-image-17108\" src=\"https:\/\/pgwear.net\/wp-content\/uploads\/2022\/01\/rozmiar_buta.png\" alt=\"\" width=\"222\" height=\"188\"><\/p>\n","protected":false},"excerpt":{"rendered":"<p>Die ersten Schuhe in der PGWEAR-Geschichte.<\/p>\n","protected":false},"featured_media":17185,"template":"","meta":{"_acf_changed":false},"product_brand":[],"product_cat":[502,3531],"product_tag":[3279,2839],"class_list":{"0":"post-17204","1":"product","2":"type-product","3":"status-publish","4":"has-post-thumbnail","6":"product_cat-accessories-de","7":"product_cat-schuhe","8":"product_tag-letzte-chance","9":"product_tag-sale-de","10":"pa_kolor-grau","11":"pa_rozmiar-s41-de","12":"pa_rozmiar-s42-de","13":"pa_rozmiar-s43-de","14":"pa_rozmiar-s44-de","15":"pa_rozmiar-s45-de","16":"feature-schuhe","18":"first","19":"instock","20":"sale","21":"taxable","22":"shipping-taxable","23":"purchasable","24":"product-type-variable"},"acf":[],"_links":{"self":[{"href":"https:\/\/pgwear.net\/de\/wp-json\/wp\/v2\/product\/17204","targetHints":{"allow":["GET"]}}],"collection":[{"href":"https:\/\/pgwear.net\/de\/wp-json\/wp\/v2\/product"}],"about":[{"href":"https:\/\/pgwear.net\/de\/wp-json\/wp\/v2\/types\/product"}],"wp:featuredmedia":[{"embeddable":true,"href":"https:\/\/pgwear.net\/de\/wp-json\/wp\/v2\/media\/17185"}],"wp:attachment":[{"href":"https:\/\/pgwear.net\/de\/wp-json\/wp\/v2\/media?parent=17204"}],"wp:term":[{"taxonomy":"product_brand","embeddable":true,"href":"https:\/\/pgwear.net\/de\/wp-json\/wp\/v2\/product_brand?post=17204"},{"taxonomy":"product_cat","embeddable":true,"href":"https:\/\/pgwear.net\/de\/wp-json\/wp\/v2\/product_cat?post=17204"},{"taxonomy":"product_tag","embeddable":true,"href":"https:\/\/pgwear.net\/de\/wp-json\/wp\/v2\/product_tag?post=17204"}],"curies":[{"name":"wp","href":"https:\/\/api.w.org\/{rel}","templated":true}]}}