{"id":17428,"date":"2022-04-29T11:08:31","date_gmt":"2022-04-29T09:08:31","guid":{"rendered":"https:\/\/dev.pgwear.net\/p\/t-shirt-what-i-live-for\/"},"modified":"2026-03-20T14:03:13","modified_gmt":"2026-03-20T13:03:13","slug":"devre22-t-shirt-what-i-live-for","status":"publish","type":"product","link":"https:\/\/pgwear.net\/de\/p\/devre22-t-shirt-what-i-live-for\/","title":{"rendered":"T-shirt &#8220;What i live for&#8221;"},"content":{"rendered":"<p>Bier, Wiederstand gegen modernen Fu\u00dfball und Pyro &#8211; drei Symbole der Ultras-Kultur, ohne die keine Bewegung existieren kann! Bier steht f\u00fcr Spa\u00df, Zeit mit Freunden in der Kneipe w\u00e4hrend der Ausw\u00e4rts- und Heimspielen. AMF-Ball repr\u00e4sentiert alle wichtigen Werte der Fu\u00dfballkultur, die noch nicht durch Geld zerst\u00f6rt wurden. Letzte, aber nicht von kleiner Bedeutung sind Fackeln &#8211; das Symbol unserer Leidenschaft und Liebe, wenn wir unser Team im Stadion unterst\u00fctzen!<\/p>\n","protected":false},"excerpt":{"rendered":"<p>Bier, Wiederstand gegen modernen Fu\u00dfball und Pyro &#8211; drei Symbole der Ultras-Kultur, ohne die keine Bewegung existieren kann!<\/p>\n","protected":false},"featured_media":17408,"template":"","meta":{"_acf_changed":false},"product_brand":[],"product_cat":[660],"product_tag":[],"class_list":{"0":"post-17428","1":"product","2":"type-product","3":"status-publish","4":"has-post-thumbnail","6":"product_cat-t-shirts-de","7":"pa_gramatura-180-gr-m2-de","8":"pa_kolekcja-legendare-pgwear-produkte","9":"pa_kolor-olivgruen-de","10":"pa_kroj-klassisch","11":"pa_material-100-baumwolle-de-2","12":"pa_nadruk-grosser-brustaufdruck","13":"pa_rozmiar-l-de","14":"pa_rozmiar-m-de-2","15":"pa_rozmiar-s-de","16":"pa_rozmiar-xl-de","17":"pa_rozmiar-xxl-de","18":"pa_rozmiar-xxxl-de","19":"feature-ball-thema","20":"feature-pyro-thema","21":"feature-thema-bier","23":"first","24":"instock","25":"taxable","26":"shipping-taxable","27":"purchasable","28":"product-type-variable"},"acf":[],"_links":{"self":[{"href":"https:\/\/pgwear.net\/de\/wp-json\/wp\/v2\/product\/17428","targetHints":{"allow":["GET"]}}],"collection":[{"href":"https:\/\/pgwear.net\/de\/wp-json\/wp\/v2\/product"}],"about":[{"href":"https:\/\/pgwear.net\/de\/wp-json\/wp\/v2\/types\/product"}],"wp:featuredmedia":[{"embeddable":true,"href":"https:\/\/pgwear.net\/de\/wp-json\/wp\/v2\/media\/17408"}],"wp:attachment":[{"href":"https:\/\/pgwear.net\/de\/wp-json\/wp\/v2\/media?parent=17428"}],"wp:term":[{"taxonomy":"product_brand","embeddable":true,"href":"https:\/\/pgwear.net\/de\/wp-json\/wp\/v2\/product_brand?post=17428"},{"taxonomy":"product_cat","embeddable":true,"href":"https:\/\/pgwear.net\/de\/wp-json\/wp\/v2\/product_cat?post=17428"},{"taxonomy":"product_tag","embeddable":true,"href":"https:\/\/pgwear.net\/de\/wp-json\/wp\/v2\/product_tag?post=17428"}],"curies":[{"name":"wp","href":"https:\/\/api.w.org\/{rel}","templated":true}]}}