{"id":17461,"date":"2022-04-29T11:08:30","date_gmt":"2022-04-29T09:08:30","guid":{"rendered":"https:\/\/dev.pgwear.net\/p\/t-shirt-were-the-one\/"},"modified":"2026-04-30T09:31:12","modified_gmt":"2026-04-30T07:31:12","slug":"devre22-t-shirt-were-the-one","status":"publish","type":"product","link":"https:\/\/pgwear.net\/de\/p\/devre22-t-shirt-were-the-one\/","title":{"rendered":"T-shirt &#8220;We&#8217;re the one&#8221;"},"content":{"rendered":"<p>PGWEAR ULTRAS SHOP wurde ber\u00fchmt f\u00fcr die gro\u00dfen bunten Drucke auf T-Shirts im Zusammenhang mit der Ultras-Kultur. Wir sind stolz, jetzt eines der Bestseller-Designs neu aufzulegen! Es stellt f\u00fcnf Fu\u00dfballfanatiker und der Slogan \u201eWe\u2019re the One\u201c dar!<\/p>\n","protected":false},"excerpt":{"rendered":"<p>PGWEAR ULTRAS SHOP wurde ber\u00fchmt f\u00fcr die gro\u00dfen bunten Drucke auf T-Shirts im Zusammenhang mit der Ultras-Kultur.<\/p>\n","protected":false},"featured_media":17438,"template":"","meta":{"_acf_changed":false},"product_brand":[],"product_cat":[660],"product_tag":[3279],"class_list":{"0":"post-17461","1":"product","2":"type-product","3":"status-publish","4":"has-post-thumbnail","6":"product_cat-t-shirts-de","7":"product_tag-letzte-chance","8":"pa_gramatura-180-gr-m2-de","9":"pa_kolekcja-legendare-pgwear-produkte","10":"pa_kolor-schwarz","11":"pa_kroj-klassisch","12":"pa_material-100-baumwolle-de-2","13":"pa_nadruk-grosser-brustaufdruck","14":"pa_nadruk-grosser-rueckenaufdruck","15":"pa_rozmiar-l-de","16":"pa_rozmiar-m-de-2","17":"pa_rozmiar-s-de","18":"pa_rozmiar-xl-de","19":"pa_rozmiar-xxl-de","20":"pa_rozmiar-xxxl-de","21":"feature-balaclava-motiv","22":"feature-rote-inschrift","24":"first","25":"instock","26":"sale","27":"taxable","28":"shipping-taxable","29":"purchasable","30":"product-type-variable"},"acf":[],"_links":{"self":[{"href":"https:\/\/pgwear.net\/de\/wp-json\/wp\/v2\/product\/17461","targetHints":{"allow":["GET"]}}],"collection":[{"href":"https:\/\/pgwear.net\/de\/wp-json\/wp\/v2\/product"}],"about":[{"href":"https:\/\/pgwear.net\/de\/wp-json\/wp\/v2\/types\/product"}],"wp:featuredmedia":[{"embeddable":true,"href":"https:\/\/pgwear.net\/de\/wp-json\/wp\/v2\/media\/17438"}],"wp:attachment":[{"href":"https:\/\/pgwear.net\/de\/wp-json\/wp\/v2\/media?parent=17461"}],"wp:term":[{"taxonomy":"product_brand","embeddable":true,"href":"https:\/\/pgwear.net\/de\/wp-json\/wp\/v2\/product_brand?post=17461"},{"taxonomy":"product_cat","embeddable":true,"href":"https:\/\/pgwear.net\/de\/wp-json\/wp\/v2\/product_cat?post=17461"},{"taxonomy":"product_tag","embeddable":true,"href":"https:\/\/pgwear.net\/de\/wp-json\/wp\/v2\/product_tag?post=17461"}],"curies":[{"name":"wp","href":"https:\/\/api.w.org\/{rel}","templated":true}]}}