{"id":17524,"date":"2022-04-29T11:08:29","date_gmt":"2022-04-29T09:08:29","guid":{"rendered":"https:\/\/dev.pgwear.net\/p\/t-shirt-passion\/"},"modified":"2026-03-20T14:30:49","modified_gmt":"2026-03-20T13:30:49","slug":"devre22-t-shirt-passion","status":"publish","type":"product","link":"https:\/\/pgwear.net\/de\/p\/devre22-t-shirt-passion\/","title":{"rendered":"T-shirt &#8220;Passion&#8221;"},"content":{"rendered":"<p>Dem geliebten Team zu Hause und ausw\u00e4rts zu folgen, es mit lautem Jubeln zu unterst\u00fctzen, Fahnen an den Z\u00e4unen zu schwenken, Tifos auf der Trib\u00fcne zu pr\u00e4sentieren und Pyro abzubrennen \u2026 das ist unsere Leidenschaft! Und unsere LEIDENSCHAFT IST KEIN VERBRECHEN! Verbreite diese Botschaft auf der Stra\u00dfe und im Stadion, indem du das T-shirt Passion von PGWEAR ULTRAS SHOP tragen wirst!<\/p>\n","protected":false},"excerpt":{"rendered":"<p>Dem geliebten Team zu Hause und ausw\u00e4rts zu folgen, es mit lautem Jubeln zu unterst\u00fctzen, Fahnen an den Z\u00e4unen zu schwenken, Tifos auf der Trib\u00fcne zu pr\u00e4sentieren und Pyro abzubrennen \u2026<\/p>\n","protected":false},"featured_media":17501,"template":"","meta":{"_acf_changed":false},"product_brand":[],"product_cat":[660],"product_tag":[],"class_list":{"0":"post-17524","1":"product","2":"type-product","3":"status-publish","4":"has-post-thumbnail","6":"product_cat-t-shirts-de","7":"pa_gramatura-180-gr-m2-de","8":"pa_kolekcja-legendare-pgwear-produkte","9":"pa_kolor-schwarz","10":"pa_kroj-klassisch","11":"pa_material-100-baumwolle-de-2","12":"pa_nadruk-grosser-brustaufdruck","13":"pa_rozmiar-l-de","14":"pa_rozmiar-m-de-2","15":"pa_rozmiar-s-de","16":"pa_rozmiar-xl-de","17":"pa_rozmiar-xxl-de","18":"pa_rozmiar-xxxl-de","19":"feature-pyro-thema","21":"first","22":"instock","23":"taxable","24":"shipping-taxable","25":"purchasable","26":"product-type-variable"},"acf":[],"_links":{"self":[{"href":"https:\/\/pgwear.net\/de\/wp-json\/wp\/v2\/product\/17524","targetHints":{"allow":["GET"]}}],"collection":[{"href":"https:\/\/pgwear.net\/de\/wp-json\/wp\/v2\/product"}],"about":[{"href":"https:\/\/pgwear.net\/de\/wp-json\/wp\/v2\/types\/product"}],"wp:featuredmedia":[{"embeddable":true,"href":"https:\/\/pgwear.net\/de\/wp-json\/wp\/v2\/media\/17501"}],"wp:attachment":[{"href":"https:\/\/pgwear.net\/de\/wp-json\/wp\/v2\/media?parent=17524"}],"wp:term":[{"taxonomy":"product_brand","embeddable":true,"href":"https:\/\/pgwear.net\/de\/wp-json\/wp\/v2\/product_brand?post=17524"},{"taxonomy":"product_cat","embeddable":true,"href":"https:\/\/pgwear.net\/de\/wp-json\/wp\/v2\/product_cat?post=17524"},{"taxonomy":"product_tag","embeddable":true,"href":"https:\/\/pgwear.net\/de\/wp-json\/wp\/v2\/product_tag?post=17524"}],"curies":[{"name":"wp","href":"https:\/\/api.w.org\/{rel}","templated":true}]}}