{"id":175448,"date":"2024-10-17T10:25:47","date_gmt":"2024-10-17T08:25:47","guid":{"rendered":"https:\/\/pgwear.net\/p\/bandana-illegal-passion\/"},"modified":"2025-11-10T02:20:26","modified_gmt":"2025-11-10T01:20:26","slug":"bandana-illegal-passion","status":"publish","type":"product","link":"https:\/\/pgwear.net\/de\/p\/bandana-illegal-passion\/","title":{"rendered":"Bandana &#8220;Illegal Passion&#8221;"},"content":{"rendered":"<p>Dieses Bandana besteht aus weicher, atmungsaktiver Baumwolle und bietet die perfekte Mischung aus Komfort und Haltbarkeit, ideal f\u00fcr den Spieltag! Das Design verf\u00fcgt \u00fcber einen auff\u00e4lligen Druck im Ultrasstil.  Egal, ob du es bei einem Spiel schwenkst, um den Kopf tragst oder an der Tasche befestigst, dieses Bandana verleiht jedem Freizeitoutfit eine grimmige Note und signalisiert deine Loyalit\u00e4t zum Team und der Ultras-Kultur.<\/p>\n","protected":false},"excerpt":{"rendered":"<p>Dieses Bandana besteht aus weicher, atmungsaktiver Baumwolle und bietet die perfekte Mischung aus Komfort und Haltbarkeit, ideal f\u00fcr den Spieltag! Das Design verf\u00fcgt \u00fcber einen auff\u00e4lligen Druck im Ultrasstil. <\/p>\n","protected":false},"featured_media":196695,"template":"","meta":{"_acf_changed":false},"product_brand":[],"product_cat":[502,3541,658],"product_tag":[3419],"class_list":{"0":"post-175448","1":"product","2":"type-product","3":"status-publish","4":"has-post-thumbnail","6":"product_cat-accessories-de","7":"product_cat-andere","8":"product_cat-neuheiten","9":"product_tag-fruhling-sommer-2025","10":"pa_gramatura-120-gr-m2-de","11":"pa_kolekcja-fruhling-sommer-2025","12":"pa_kolor-schwarz","13":"pa_material-100-polyester-de-3","14":"pa_nadruk-aufduck-auf-der-gesamten-oberflaeche","16":"first","17":"instock","18":"sale","19":"taxable","20":"shipping-taxable","21":"purchasable","22":"product-type-simple"},"acf":[],"_links":{"self":[{"href":"https:\/\/pgwear.net\/de\/wp-json\/wp\/v2\/product\/175448","targetHints":{"allow":["GET"]}}],"collection":[{"href":"https:\/\/pgwear.net\/de\/wp-json\/wp\/v2\/product"}],"about":[{"href":"https:\/\/pgwear.net\/de\/wp-json\/wp\/v2\/types\/product"}],"wp:featuredmedia":[{"embeddable":true,"href":"https:\/\/pgwear.net\/de\/wp-json\/wp\/v2\/media\/196695"}],"wp:attachment":[{"href":"https:\/\/pgwear.net\/de\/wp-json\/wp\/v2\/media?parent=175448"}],"wp:term":[{"taxonomy":"product_brand","embeddable":true,"href":"https:\/\/pgwear.net\/de\/wp-json\/wp\/v2\/product_brand?post=175448"},{"taxonomy":"product_cat","embeddable":true,"href":"https:\/\/pgwear.net\/de\/wp-json\/wp\/v2\/product_cat?post=175448"},{"taxonomy":"product_tag","embeddable":true,"href":"https:\/\/pgwear.net\/de\/wp-json\/wp\/v2\/product_tag?post=175448"}],"curies":[{"name":"wp","href":"https:\/\/api.w.org\/{rel}","templated":true}]}}