{"id":175459,"date":"2024-10-17T10:25:49","date_gmt":"2024-10-17T08:25:49","guid":{"rendered":"https:\/\/pgwear.net\/p\/geldboerse-harry\/"},"modified":"2026-01-21T13:01:35","modified_gmt":"2026-01-21T12:01:35","slug":"geldboerse-harry","status":"publish","type":"product","link":"https:\/\/pgwear.net\/de\/p\/geldboerse-harry\/","title":{"rendered":"Geldb\u00f6rse &#8220;Harry&#8221;"},"content":{"rendered":"<p>Zeige deine Leidenschaft f\u00fcr das Spiel und die Stadionmode mit dieser stylischen und strapazierf\u00e4higen Canvas-Geldb\u00f6rse, die f\u00fcr echte Fu\u00dfballfans entworfen wurde! Diese aus hochwertigen Materialien gefertigte Geldb\u00f6rse zeichnet sich durch ein auff\u00e4lliges, sportliches Design aus.  Die Vorderseite ziert ein auff\u00e4lliger Ultrastyle-Print, perfekt f\u00fcr jedermann auf der Stra\u00dfe und im Stadion!<\/p>\n","protected":false},"excerpt":{"rendered":"<p>Zeige deine Leidenschaft f\u00fcr das Spiel und die Stadionmode mit dieser stylischen und strapazierf\u00e4higen Canvas-Geldb\u00f6rse, die f\u00fcr echte Fu\u00dfballfans entworfen wurde! Diese aus hochwertigen Materialien gefertigte Geldb\u00f6rse zeichnet sich durch ein auff\u00e4lliges, sportliches Design aus. <\/p>\n","protected":false},"featured_media":196665,"template":"","meta":{"_acf_changed":false},"product_brand":[],"product_cat":[502,3539,658],"product_tag":[3419],"class_list":{"0":"post-175459","1":"product","2":"type-product","3":"status-publish","4":"has-post-thumbnail","6":"product_cat-accessories-de","7":"product_cat-geldboersen","8":"product_cat-neuheiten","9":"product_tag-fruhling-sommer-2025","10":"pa_kolekcja-fruhling-sommer-2025","11":"pa_kolor-schwarz","12":"pa_nadruk-vollflaechig-bedruckbar-auf-einer-seite","14":"first","15":"outofstock","16":"taxable","17":"shipping-taxable","18":"purchasable","19":"product-type-simple"},"acf":[],"_links":{"self":[{"href":"https:\/\/pgwear.net\/de\/wp-json\/wp\/v2\/product\/175459","targetHints":{"allow":["GET"]}}],"collection":[{"href":"https:\/\/pgwear.net\/de\/wp-json\/wp\/v2\/product"}],"about":[{"href":"https:\/\/pgwear.net\/de\/wp-json\/wp\/v2\/types\/product"}],"wp:featuredmedia":[{"embeddable":true,"href":"https:\/\/pgwear.net\/de\/wp-json\/wp\/v2\/media\/196665"}],"wp:attachment":[{"href":"https:\/\/pgwear.net\/de\/wp-json\/wp\/v2\/media?parent=175459"}],"wp:term":[{"taxonomy":"product_brand","embeddable":true,"href":"https:\/\/pgwear.net\/de\/wp-json\/wp\/v2\/product_brand?post=175459"},{"taxonomy":"product_cat","embeddable":true,"href":"https:\/\/pgwear.net\/de\/wp-json\/wp\/v2\/product_cat?post=175459"},{"taxonomy":"product_tag","embeddable":true,"href":"https:\/\/pgwear.net\/de\/wp-json\/wp\/v2\/product_tag?post=175459"}],"curies":[{"name":"wp","href":"https:\/\/api.w.org\/{rel}","templated":true}]}}