{"id":175480,"date":"2024-10-17T10:25:49","date_gmt":"2024-10-17T08:25:49","guid":{"rendered":"https:\/\/pgwear.net\/p\/guerteltsche-drip\/"},"modified":"2026-03-13T07:59:53","modified_gmt":"2026-03-13T06:59:53","slug":"guerteltsche-drip","status":"publish","type":"product","link":"https:\/\/pgwear.net\/de\/p\/guerteltsche-drip\/","title":{"rendered":"G\u00fcrteltsche &#8220;Drip&#8221;"},"content":{"rendered":"<p>K\u00e4mpfst du auch mit dem Problem, dass du nicht genug Platz in deinen Taschen hast, um all deine wichtigen Stadion-Accessoires zu verstauen? PGWEAR ist hier, um dir dabei zu helfen!  Die klassische schwarze G\u00fcrteltasche DRIP ist die perfekte L\u00f6sung! Ger\u00e4umig und hochwertig \u2013 du kannst dein Handy, Schl\u00fcssel, Spielticket oder sogar etwas Pyrotechnik darin unterbringen! <\/p>\n","protected":false},"excerpt":{"rendered":"<p>K\u00e4mpfst du auch mit dem Problem, dass du nicht genug Platz in deinen Taschen hast, um all deine wichtigen Stadion-Accessoires zu verstauen? PGWEAR ist hier, um dir dabei zu helfen! <\/p>\n","protected":false},"featured_media":196692,"template":"","meta":{"_acf_changed":false},"product_brand":[],"product_cat":[502,3549,658],"product_tag":[3419],"class_list":{"0":"post-175480","1":"product","2":"type-product","3":"status-publish","4":"has-post-thumbnail","6":"product_cat-accessories-de","7":"product_cat-guerteltaschen","8":"product_cat-neuheiten","9":"product_tag-fruhling-sommer-2025","10":"pa_gramatura-280-gr-m2-de","11":"pa_kolekcja-fruhling-sommer-2025","12":"pa_kolor-schwarz","13":"pa_material-100-polyester-de-3","15":"first","16":"instock","17":"taxable","18":"shipping-taxable","19":"purchasable","20":"product-type-simple"},"acf":[],"_links":{"self":[{"href":"https:\/\/pgwear.net\/de\/wp-json\/wp\/v2\/product\/175480","targetHints":{"allow":["GET"]}}],"collection":[{"href":"https:\/\/pgwear.net\/de\/wp-json\/wp\/v2\/product"}],"about":[{"href":"https:\/\/pgwear.net\/de\/wp-json\/wp\/v2\/types\/product"}],"wp:featuredmedia":[{"embeddable":true,"href":"https:\/\/pgwear.net\/de\/wp-json\/wp\/v2\/media\/196692"}],"wp:attachment":[{"href":"https:\/\/pgwear.net\/de\/wp-json\/wp\/v2\/media?parent=175480"}],"wp:term":[{"taxonomy":"product_brand","embeddable":true,"href":"https:\/\/pgwear.net\/de\/wp-json\/wp\/v2\/product_brand?post=175480"},{"taxonomy":"product_cat","embeddable":true,"href":"https:\/\/pgwear.net\/de\/wp-json\/wp\/v2\/product_cat?post=175480"},{"taxonomy":"product_tag","embeddable":true,"href":"https:\/\/pgwear.net\/de\/wp-json\/wp\/v2\/product_tag?post=175480"}],"curies":[{"name":"wp","href":"https:\/\/api.w.org\/{rel}","templated":true}]}}