{"id":175486,"date":"2024-10-17T10:25:49","date_gmt":"2024-10-17T08:25:49","guid":{"rendered":"https:\/\/pgwear.net\/p\/umhaengetasche-walker\/"},"modified":"2026-01-10T23:18:20","modified_gmt":"2026-01-10T22:18:20","slug":"umhaengetasche-walker","status":"publish","type":"product","link":"https:\/\/pgwear.net\/de\/p\/umhaengetasche-walker\/","title":{"rendered":"Umh\u00e4ngetasche &#8220;Walker&#8221;"},"content":{"rendered":"<p>Nimm alle wichtigen Dinge mit und bewahre sie in der PGWEAR-Umh\u00e4ngetasche auf! Dieses Accessoire vervollst\u00e4ndigt jedes Outfit, vom l\u00e4ssigen Fashion-Freak bis zum Hardcore-Fu\u00dfballfan, Ultras oder Hooligan! <\/p>\n","protected":false},"excerpt":{"rendered":"<p>Nimm alle wichtigen Dinge mit und bewahre sie in der PGWEAR-Umh\u00e4ngetasche auf! Dieses Accessoire vervollst\u00e4ndigt jedes Outfit, vom l\u00e4ssigen Fashion-Freak bis zum Hardcore-Fu\u00dfballfan, Ultras oder Hooligan! <\/p>\n","protected":false},"featured_media":196689,"template":"","meta":{"_acf_changed":false},"product_brand":[],"product_cat":[502,658,3551],"product_tag":[3419],"class_list":{"0":"post-175486","1":"product","2":"type-product","3":"status-publish","4":"has-post-thumbnail","6":"product_cat-accessories-de","7":"product_cat-neuheiten","8":"product_cat-umhaengetaschen","9":"product_tag-fruhling-sommer-2025","10":"pa_gramatura-280-gr-m2-de","11":"pa_kolekcja-fruhling-sommer-2025","12":"pa_kolor-schwarz","13":"pa_material-100-polyester-de-3","15":"first","16":"instock","17":"taxable","18":"shipping-taxable","19":"purchasable","20":"product-type-simple"},"acf":[],"_links":{"self":[{"href":"https:\/\/pgwear.net\/de\/wp-json\/wp\/v2\/product\/175486","targetHints":{"allow":["GET"]}}],"collection":[{"href":"https:\/\/pgwear.net\/de\/wp-json\/wp\/v2\/product"}],"about":[{"href":"https:\/\/pgwear.net\/de\/wp-json\/wp\/v2\/types\/product"}],"wp:featuredmedia":[{"embeddable":true,"href":"https:\/\/pgwear.net\/de\/wp-json\/wp\/v2\/media\/196689"}],"wp:attachment":[{"href":"https:\/\/pgwear.net\/de\/wp-json\/wp\/v2\/media?parent=175486"}],"wp:term":[{"taxonomy":"product_brand","embeddable":true,"href":"https:\/\/pgwear.net\/de\/wp-json\/wp\/v2\/product_brand?post=175486"},{"taxonomy":"product_cat","embeddable":true,"href":"https:\/\/pgwear.net\/de\/wp-json\/wp\/v2\/product_cat?post=175486"},{"taxonomy":"product_tag","embeddable":true,"href":"https:\/\/pgwear.net\/de\/wp-json\/wp\/v2\/product_tag?post=175486"}],"curies":[{"name":"wp","href":"https:\/\/api.w.org\/{rel}","templated":true}]}}