{"id":175509,"date":"2024-10-17T10:26:07","date_gmt":"2024-10-17T08:26:07","guid":{"rendered":"https:\/\/pgwear.net\/p\/baumwollshorts-bermuda-schwarz\/"},"modified":"2026-03-22T22:34:17","modified_gmt":"2026-03-22T21:34:17","slug":"baumwollshorts-bermuda-schwarz","status":"publish","type":"product","link":"https:\/\/pgwear.net\/de\/p\/baumwollshorts-bermuda-schwarz\/","title":{"rendered":"Baumwollshorts &#8220;Bermuda&#8221; Schwarz"},"content":{"rendered":"<p>Die l\u00e4ssigen kurzen Baumwollshorts BERMUDA von PGWEAR eignen sich perfekt f\u00fcr verschiedene Sommeraktivit\u00e4ten auf der Stra\u00dfe oder im Stadion, wenn du auf den Zaun springen, die gro\u00dfe Ultras-Flagge schwenken oder Pyrotechnik z\u00fcnden m\u00f6chtest! \ud83d\ude09<\/p>\n","protected":false},"excerpt":{"rendered":"<p>Die l\u00e4ssigen kurzen Baumwollshorts BERMUDA von PGWEAR eignen sich perfekt f\u00fcr verschiedene Sommeraktivit\u00e4ten auf der Stra\u00dfe oder im Stadion, wenn du auf den Zaun springen, die gro\u00dfe Ultras-Flagge schwenken oder Pyrotechnik z\u00fcnden m\u00f6chtest! \ud83d\ude09<\/p>\n","protected":false},"featured_media":196638,"template":"","meta":{"_acf_changed":false},"product_brand":[],"product_cat":[3591,658,404],"product_tag":[3419,3279],"class_list":{"0":"post-175509","1":"product","2":"type-product","3":"status-publish","4":"has-post-thumbnail","6":"product_cat-baumwoll-shorts","7":"product_cat-neuheiten","8":"product_cat-shorts-de","9":"product_tag-fruhling-sommer-2025","10":"product_tag-letzte-chance","11":"pa_gramatura-280-gr-m2-de","12":"pa_kolekcja-fruhling-sommer-2025","13":"pa_kolor-schwarz","14":"pa_kroj-klassisch","15":"pa_material-100-baumwolle-de-2","16":"pa_rozmiar-l-de","17":"pa_rozmiar-m-de-2","18":"pa_rozmiar-s-de","19":"pa_rozmiar-xl-de","20":"pa_rozmiar-xxl-de","21":"pa_rozmiar-xxxl-de","23":"first","24":"outofstock","25":"taxable","26":"shipping-taxable","27":"product-type-variable"},"acf":[],"_links":{"self":[{"href":"https:\/\/pgwear.net\/de\/wp-json\/wp\/v2\/product\/175509","targetHints":{"allow":["GET"]}}],"collection":[{"href":"https:\/\/pgwear.net\/de\/wp-json\/wp\/v2\/product"}],"about":[{"href":"https:\/\/pgwear.net\/de\/wp-json\/wp\/v2\/types\/product"}],"wp:featuredmedia":[{"embeddable":true,"href":"https:\/\/pgwear.net\/de\/wp-json\/wp\/v2\/media\/196638"}],"wp:attachment":[{"href":"https:\/\/pgwear.net\/de\/wp-json\/wp\/v2\/media?parent=175509"}],"wp:term":[{"taxonomy":"product_brand","embeddable":true,"href":"https:\/\/pgwear.net\/de\/wp-json\/wp\/v2\/product_brand?post=175509"},{"taxonomy":"product_cat","embeddable":true,"href":"https:\/\/pgwear.net\/de\/wp-json\/wp\/v2\/product_cat?post=175509"},{"taxonomy":"product_tag","embeddable":true,"href":"https:\/\/pgwear.net\/de\/wp-json\/wp\/v2\/product_tag?post=175509"}],"curies":[{"name":"wp","href":"https:\/\/api.w.org\/{rel}","templated":true}]}}