{"id":17557,"date":"2022-04-29T11:08:29","date_gmt":"2022-04-29T09:08:29","guid":{"rendered":"https:\/\/dev.pgwear.net\/p\/t-shirt-acab-pure\/"},"modified":"2026-03-31T12:57:11","modified_gmt":"2026-03-31T10:57:11","slug":"devre22-t-shirt-acab-pure","status":"publish","type":"product","link":"https:\/\/pgwear.net\/de\/p\/devre22-t-shirt-acab-pure\/","title":{"rendered":"T-shirt &#8220;ACAB Pure&#8221;"},"content":{"rendered":"<p>Vor etwa 10 Jahren schrieb jemand einfach \u201eACAB\u201c an die zerkratzten Wand und jemand anderes hat ein Foto davon gemacht. Und dieses Foto ging viral und wurde zu einem der kultigsten Bilder der Ultras-Welt. Auch wir haben uns davon inspirieren lassen und das T-Shirt mit der gleichen Schrift wie vom legend\u00e4ren Bild kreiert! Dieses legend\u00e4re Produkt kehrt jetzt zur\u00fcck!<\/p>\n","protected":false},"excerpt":{"rendered":"<p>Vor etwa 10 Jahren schrieb jemand einfach \u201eACAB\u201c an die zerkratzten Wand und jemand anderes hat ein Foto davon gemacht.<\/p>\n","protected":false},"featured_media":17534,"template":"","meta":{"_acf_changed":false},"product_brand":[],"product_cat":[660],"product_tag":[],"class_list":{"0":"post-17557","1":"product","2":"type-product","3":"status-publish","4":"has-post-thumbnail","6":"product_cat-t-shirts-de","7":"pa_gramatura-180-gr-m2-de","8":"pa_kolekcja-legendare-pgwear-produkte","9":"pa_kolor-marineblau","10":"pa_kroj-klassisch","11":"pa_material-100-baumwolle-de-2","12":"pa_nadruk-grosser-brustaufdruck","13":"pa_rozmiar-l-de","14":"pa_rozmiar-m-de-2","15":"pa_rozmiar-s-de","16":"pa_rozmiar-xl-de","17":"pa_rozmiar-xxl-de","18":"pa_rozmiar-xxxl-de","19":"feature-acab-de","21":"first","22":"instock","23":"taxable","24":"shipping-taxable","25":"purchasable","26":"product-type-variable"},"acf":[],"_links":{"self":[{"href":"https:\/\/pgwear.net\/de\/wp-json\/wp\/v2\/product\/17557","targetHints":{"allow":["GET"]}}],"collection":[{"href":"https:\/\/pgwear.net\/de\/wp-json\/wp\/v2\/product"}],"about":[{"href":"https:\/\/pgwear.net\/de\/wp-json\/wp\/v2\/types\/product"}],"wp:featuredmedia":[{"embeddable":true,"href":"https:\/\/pgwear.net\/de\/wp-json\/wp\/v2\/media\/17534"}],"wp:attachment":[{"href":"https:\/\/pgwear.net\/de\/wp-json\/wp\/v2\/media?parent=17557"}],"wp:term":[{"taxonomy":"product_brand","embeddable":true,"href":"https:\/\/pgwear.net\/de\/wp-json\/wp\/v2\/product_brand?post=17557"},{"taxonomy":"product_cat","embeddable":true,"href":"https:\/\/pgwear.net\/de\/wp-json\/wp\/v2\/product_cat?post=17557"},{"taxonomy":"product_tag","embeddable":true,"href":"https:\/\/pgwear.net\/de\/wp-json\/wp\/v2\/product_tag?post=17557"}],"curies":[{"name":"wp","href":"https:\/\/api.w.org\/{rel}","templated":true}]}}