{"id":175622,"date":"2024-10-17T10:26:15","date_gmt":"2024-10-17T08:26:15","guid":{"rendered":"https:\/\/pgwear.net\/p\/t-shirt-cool-cat-weiss\/"},"modified":"2026-03-20T17:07:19","modified_gmt":"2026-03-20T16:07:19","slug":"t-shirt-cool-cat-weiss","status":"publish","type":"product","link":"https:\/\/pgwear.net\/de\/p\/t-shirt-cool-cat-weiss\/","title":{"rendered":"T-shirt &#8220;Cool Cat&#8221; Wei\u00df"},"content":{"rendered":"<p>Das humorvolle PGWEAR-Design mit Katze verbirgt eine tiefere Bedeutung! Sie ist unter Ultras, Hooligans und Fu\u00dfballfans wohlbekannt!  Verbreite diese Botschaft mit Stolz und bleibe auf der Stra\u00dfe und im Stadion sicher! ACAB! Erh\u00e4ltlich in zwei Farbvarianten!<\/p>\n","protected":false},"excerpt":{"rendered":"<p>Das humorvolle PGWEAR-Design mit Katze verbirgt eine tiefere Bedeutung! Sie ist unter Ultras, Hooligans und Fu\u00dfballfans wohlbekannt! <\/p>\n","protected":false},"featured_media":196576,"template":"","meta":{"_acf_changed":false},"product_brand":[],"product_cat":[658,660],"product_tag":[3419,3279],"class_list":{"0":"post-175622","1":"product","2":"type-product","3":"status-publish","4":"has-post-thumbnail","6":"product_cat-neuheiten","7":"product_cat-t-shirts-de","8":"product_tag-fruhling-sommer-2025","9":"product_tag-letzte-chance","10":"pa_gramatura-180-gr-m2-de","11":"pa_kolekcja-fruhling-sommer-2025","12":"pa_kolor-weiss","13":"pa_kroj-klassisch","14":"pa_material-100-baumwolle-de-2","15":"pa_nadruk-groser-druck-auf-der-vorderseite","16":"pa_rozmiar-l-de","17":"pa_rozmiar-m-de-2","18":"pa_rozmiar-s-de","19":"pa_rozmiar-xl-de","20":"pa_rozmiar-xxl-de","21":"pa_rozmiar-xxxl-de","23":"first","24":"outofstock","25":"sale","26":"featured","27":"taxable","28":"shipping-taxable","29":"purchasable","30":"product-type-variable"},"acf":[],"_links":{"self":[{"href":"https:\/\/pgwear.net\/de\/wp-json\/wp\/v2\/product\/175622","targetHints":{"allow":["GET"]}}],"collection":[{"href":"https:\/\/pgwear.net\/de\/wp-json\/wp\/v2\/product"}],"about":[{"href":"https:\/\/pgwear.net\/de\/wp-json\/wp\/v2\/types\/product"}],"wp:featuredmedia":[{"embeddable":true,"href":"https:\/\/pgwear.net\/de\/wp-json\/wp\/v2\/media\/196576"}],"wp:attachment":[{"href":"https:\/\/pgwear.net\/de\/wp-json\/wp\/v2\/media?parent=175622"}],"wp:term":[{"taxonomy":"product_brand","embeddable":true,"href":"https:\/\/pgwear.net\/de\/wp-json\/wp\/v2\/product_brand?post=175622"},{"taxonomy":"product_cat","embeddable":true,"href":"https:\/\/pgwear.net\/de\/wp-json\/wp\/v2\/product_cat?post=175622"},{"taxonomy":"product_tag","embeddable":true,"href":"https:\/\/pgwear.net\/de\/wp-json\/wp\/v2\/product_tag?post=175622"}],"curies":[{"name":"wp","href":"https:\/\/api.w.org\/{rel}","templated":true}]}}