{"id":175681,"date":"2024-10-17T10:26:20","date_gmt":"2024-10-17T08:26:20","guid":{"rendered":"https:\/\/pgwear.net\/p\/t-shirt-mess-schwarz\/"},"modified":"2026-03-06T12:00:44","modified_gmt":"2026-03-06T11:00:44","slug":"t-shirt-mess-schwarz","status":"publish","type":"product","link":"https:\/\/pgwear.net\/de\/p\/t-shirt-mess-schwarz\/","title":{"rendered":"T-shirt &#8220;Mess&#8221; Schwarz"},"content":{"rendered":"<p>Dieses PGWEAR-T-Shirt ist f\u00fcr diejenigen gewidmet, die Fu\u00dfballkultur leben und atmen. Dieses auff\u00e4llige St\u00fcck wurde f\u00fcr die wahren Ultras entworfen und ist ein Zeichen von St\u00e4rke und Einheit.  Egal, ob du sich auf der Trib\u00fcne im Stadion oder auf der Stra\u00dfe befindest, mit diesem T-Shirt willst du sich sicher f\u00fchlen. W\u00e4hle aus zwei verf\u00fcgbaren Farbvarianten. <\/p>\n","protected":false},"excerpt":{"rendered":"<p>Dieses PGWEAR-T-Shirt ist f\u00fcr diejenigen gewidmet, die Fu\u00dfballkultur leben und atmen. Dieses auff\u00e4llige St\u00fcck wurde f\u00fcr die wahren Ultras entworfen und ist ein Zeichen von St\u00e4rke und Einheit. <\/p>\n","protected":false},"featured_media":196543,"template":"","meta":{"_acf_changed":false},"product_brand":[],"product_cat":[658,660],"product_tag":[3419,3279],"class_list":{"0":"post-175681","1":"product","2":"type-product","3":"status-publish","4":"has-post-thumbnail","6":"product_cat-neuheiten","7":"product_cat-t-shirts-de","8":"product_tag-fruhling-sommer-2025","9":"product_tag-letzte-chance","10":"pa_gramatura-180-gr-m2-de","11":"pa_kolekcja-fruhling-sommer-2025","12":"pa_kolor-schwarz","13":"pa_kroj-klassisch","14":"pa_material-100-baumwolle-de-2","15":"pa_nadruk-aufdruck-in-der-mitte","16":"pa_nadruk-grosser-rueckenaufdruck","17":"pa_rozmiar-l-de","18":"pa_rozmiar-m-de-2","19":"pa_rozmiar-s-de","20":"pa_rozmiar-xl-de","21":"pa_rozmiar-xxl-de","22":"pa_rozmiar-xxxl-de","23":"feature-thema-hund","25":"first","26":"instock","27":"sale","28":"featured","29":"taxable","30":"shipping-taxable","31":"purchasable","32":"product-type-variable"},"acf":[],"_links":{"self":[{"href":"https:\/\/pgwear.net\/de\/wp-json\/wp\/v2\/product\/175681","targetHints":{"allow":["GET"]}}],"collection":[{"href":"https:\/\/pgwear.net\/de\/wp-json\/wp\/v2\/product"}],"about":[{"href":"https:\/\/pgwear.net\/de\/wp-json\/wp\/v2\/types\/product"}],"wp:featuredmedia":[{"embeddable":true,"href":"https:\/\/pgwear.net\/de\/wp-json\/wp\/v2\/media\/196543"}],"wp:attachment":[{"href":"https:\/\/pgwear.net\/de\/wp-json\/wp\/v2\/media?parent=175681"}],"wp:term":[{"taxonomy":"product_brand","embeddable":true,"href":"https:\/\/pgwear.net\/de\/wp-json\/wp\/v2\/product_brand?post=175681"},{"taxonomy":"product_cat","embeddable":true,"href":"https:\/\/pgwear.net\/de\/wp-json\/wp\/v2\/product_cat?post=175681"},{"taxonomy":"product_tag","embeddable":true,"href":"https:\/\/pgwear.net\/de\/wp-json\/wp\/v2\/product_tag?post=175681"}],"curies":[{"name":"wp","href":"https:\/\/api.w.org\/{rel}","templated":true}]}}