{"id":175761,"date":"2024-10-17T10:26:28","date_gmt":"2024-10-17T08:26:28","guid":{"rendered":"https:\/\/pgwear.net\/p\/t-shirt-angry-face-schwarz\/"},"modified":"2026-03-20T13:54:47","modified_gmt":"2026-03-20T12:54:47","slug":"t-shirt-angry-face-schwarz","status":"publish","type":"product","link":"https:\/\/pgwear.net\/de\/p\/t-shirt-angry-face-schwarz\/","title":{"rendered":"T-shirt &#8220;Angry Face&#8221; Schwarz"},"content":{"rendered":"<p>PGWEAR liebt gro\u00dfe Drucke im Ultras-Stil! Daf\u00fcr sind wir ber\u00fchmt und solche Produkte d\u00fcrfen in keiner Kollektion fehlen!  Das T-Shirt ANGRY FACE ist ein gro\u00dfartiges Beispiel f\u00fcr diesen Stil! Trage es stolz auf der Stra\u00dfe und im Stadion! <\/p>\n","protected":false},"excerpt":{"rendered":"<p>PGWEAR liebt gro\u00dfe Drucke im Ultras-Stil! Daf\u00fcr sind wir ber\u00fchmt und solche Produkte d\u00fcrfen in keiner Kollektion fehlen!  Das T-Shirt ANGRY FACE ist ein gro\u00dfartiges Beispiel f\u00fcr diesen Stil! Trage es stolz auf der Stra\u00dfe und im Stadion! <\/p>\n","protected":false},"featured_media":196488,"template":"","meta":{"_acf_changed":false},"product_brand":[],"product_cat":[658,660],"product_tag":[3419],"class_list":{"0":"post-175761","1":"product","2":"type-product","3":"status-publish","4":"has-post-thumbnail","6":"product_cat-neuheiten","7":"product_cat-t-shirts-de","8":"product_tag-fruhling-sommer-2025","9":"pa_gramatura-180-gr-m2-de","10":"pa_kolekcja-fruhling-sommer-2025","11":"pa_kolor-schwarz","12":"pa_kroj-klassisch","13":"pa_material-100-baumwolle-de-2","14":"pa_nadruk-aufdruck-in-der-mitte","15":"pa_nadruk-grosser-rueckenaufdruck","16":"pa_rozmiar-l-de","17":"pa_rozmiar-m-de-2","18":"pa_rozmiar-s-de","19":"pa_rozmiar-xl-de","20":"pa_rozmiar-xxl-de","21":"pa_rozmiar-xxxl-de","23":"first","24":"instock","25":"featured","26":"taxable","27":"shipping-taxable","28":"purchasable","29":"product-type-variable"},"acf":[],"_links":{"self":[{"href":"https:\/\/pgwear.net\/de\/wp-json\/wp\/v2\/product\/175761","targetHints":{"allow":["GET"]}}],"collection":[{"href":"https:\/\/pgwear.net\/de\/wp-json\/wp\/v2\/product"}],"about":[{"href":"https:\/\/pgwear.net\/de\/wp-json\/wp\/v2\/types\/product"}],"wp:featuredmedia":[{"embeddable":true,"href":"https:\/\/pgwear.net\/de\/wp-json\/wp\/v2\/media\/196488"}],"wp:attachment":[{"href":"https:\/\/pgwear.net\/de\/wp-json\/wp\/v2\/media?parent=175761"}],"wp:term":[{"taxonomy":"product_brand","embeddable":true,"href":"https:\/\/pgwear.net\/de\/wp-json\/wp\/v2\/product_brand?post=175761"},{"taxonomy":"product_cat","embeddable":true,"href":"https:\/\/pgwear.net\/de\/wp-json\/wp\/v2\/product_cat?post=175761"},{"taxonomy":"product_tag","embeddable":true,"href":"https:\/\/pgwear.net\/de\/wp-json\/wp\/v2\/product_tag?post=175761"}],"curies":[{"name":"wp","href":"https:\/\/api.w.org\/{rel}","templated":true}]}}