{"id":175796,"date":"2024-10-17T10:26:30","date_gmt":"2024-10-17T08:26:30","guid":{"rendered":"https:\/\/pgwear.net\/p\/t-shirt-flamingo-schwarz\/"},"modified":"2026-03-20T14:15:56","modified_gmt":"2026-03-20T13:15:56","slug":"t-shirt-flamingo-schwarz","status":"publish","type":"product","link":"https:\/\/pgwear.net\/de\/p\/t-shirt-flamingo-schwarz\/","title":{"rendered":"T-shirt &#8220;Flamingo&#8221; Schwarz"},"content":{"rendered":"<p>copACABana ist ein imagin\u00e4rer Ort, an dem alle Tr\u00e4ume von Ultras wahr werden! Goldener Sand, blaues Meer, jede Menge kaltes Bier und leckere Cocktails, hei\u00dfe M\u00e4dels und null Feinde \u2013 das ist der Ort, an dem wir unseren Urlaub verbringen m\u00f6chten! Erg\u00e4nze deine Sommergarderobe mit einem speziellen PGWEAR-T-Shirt!  Erh\u00e4ltlich in vier Farbversionen<\/p>\n","protected":false},"excerpt":{"rendered":"<p>copACABana ist ein imagin\u00e4rer Ort, an dem alle Tr\u00e4ume von Ultras wahr werden! Goldener Sand, blaues Meer, jede Menge kaltes Bier und leckere Cocktails, hei\u00dfe M\u00e4dels und null Feinde \u2013 das ist der Ort, an dem wir unseren Urlaub verbringen m\u00f6chten! Erg\u00e4nze deine Sommergarderobe mit einem speziellen PGWEAR-T-Shirt!<\/p>\n","protected":false},"featured_media":196479,"template":"","meta":{"_acf_changed":false},"product_brand":[],"product_cat":[658,660],"product_tag":[3419,3616],"class_list":{"0":"post-175796","1":"product","2":"type-product","3":"status-publish","4":"has-post-thumbnail","6":"product_cat-neuheiten","7":"product_cat-t-shirts-de","8":"product_tag-fruhling-sommer-2025","9":"product_tag-summer-capsule-de","10":"pa_gramatura-180-gr-m2-de","11":"pa_kolekcja-fruhling-sommer-2025","12":"pa_kolor-schwarz","13":"pa_kroj-klassisch","14":"pa_material-100-baumwolle-de-2","15":"pa_nadruk-aufdruck-links-auf-der-brust","16":"pa_nadruk-grosser-rueckenaufdruck","17":"pa_rozmiar-l-de","18":"pa_rozmiar-m-de-2","19":"pa_rozmiar-s-de","20":"pa_rozmiar-xl-de","21":"pa_rozmiar-xxl-de","22":"pa_rozmiar-xxxl-de","24":"first","25":"instock","26":"featured","27":"taxable","28":"shipping-taxable","29":"purchasable","30":"product-type-variable"},"acf":[],"_links":{"self":[{"href":"https:\/\/pgwear.net\/de\/wp-json\/wp\/v2\/product\/175796","targetHints":{"allow":["GET"]}}],"collection":[{"href":"https:\/\/pgwear.net\/de\/wp-json\/wp\/v2\/product"}],"about":[{"href":"https:\/\/pgwear.net\/de\/wp-json\/wp\/v2\/types\/product"}],"wp:featuredmedia":[{"embeddable":true,"href":"https:\/\/pgwear.net\/de\/wp-json\/wp\/v2\/media\/196479"}],"wp:attachment":[{"href":"https:\/\/pgwear.net\/de\/wp-json\/wp\/v2\/media?parent=175796"}],"wp:term":[{"taxonomy":"product_brand","embeddable":true,"href":"https:\/\/pgwear.net\/de\/wp-json\/wp\/v2\/product_brand?post=175796"},{"taxonomy":"product_cat","embeddable":true,"href":"https:\/\/pgwear.net\/de\/wp-json\/wp\/v2\/product_cat?post=175796"},{"taxonomy":"product_tag","embeddable":true,"href":"https:\/\/pgwear.net\/de\/wp-json\/wp\/v2\/product_tag?post=175796"}],"curies":[{"name":"wp","href":"https:\/\/api.w.org\/{rel}","templated":true}]}}