{"id":175892,"date":"2024-10-17T10:26:38","date_gmt":"2024-10-17T08:26:38","guid":{"rendered":"https:\/\/pgwear.net\/p\/t-shirt-statue-beige\/"},"modified":"2026-02-06T15:24:15","modified_gmt":"2026-02-06T14:24:15","slug":"t-shirt-statue-beige","status":"publish","type":"product","link":"https:\/\/pgwear.net\/de\/p\/t-shirt-statue-beige\/","title":{"rendered":"T-shirt &#8220;Statue&#8221; Beige"},"content":{"rendered":"<p>L\u00e4ssiges Baumwoll-T-Shirt mit Greif und Slogan \u201eOn the street\u2013 in the stadium\u201c. Dieses Tier ist ein Symbol von PGWEAR &#8211; die einzige Marke, die die Kleidung f\u00fcr Fu\u00dfballfans kreiert! W\u00e4hle zwischen zwei verf\u00fcgbaren Farben und trage es mit Stolz!<\/p>\n","protected":false},"excerpt":{"rendered":"<p>L\u00e4ssiges Baumwoll-T-Shirt mit Greif und Slogan \u201eOn the street\u2013 in the stadium\u201c. Dieses Tier ist ein Symbol von PGWEAR &#8211; die einzige Marke, die die Kleidung f\u00fcr Fu\u00dfballfans kreiert!<\/p>\n","protected":false},"featured_media":196345,"template":"","meta":{"_acf_changed":false},"product_brand":[],"product_cat":[3611,658,660],"product_tag":[3419,3279],"class_list":{"0":"post-175892","1":"product","2":"type-product","3":"status-publish","4":"has-post-thumbnail","6":"product_cat-casual-de","7":"product_cat-neuheiten","8":"product_cat-t-shirts-de","9":"product_tag-fruhling-sommer-2025","10":"product_tag-letzte-chance","11":"pa_gramatura-180-gr-m2-de","12":"pa_kolekcja-fruhling-sommer-2025","13":"pa_kolor-beige-de","14":"pa_kroj-klassisch","15":"pa_material-100-baumwolle-de-2","16":"pa_nadruk-aufdruck-links-auf-der-brust","17":"pa_nadruk-grosser-rueckenaufdruck","18":"pa_rozmiar-l-de","19":"pa_rozmiar-m-de-2","20":"pa_rozmiar-s-de","21":"pa_rozmiar-xl-de","22":"pa_rozmiar-xxl-de","23":"pa_rozmiar-xxxl-de","24":"feature-greifmotiv","26":"first","27":"instock","28":"sale","29":"featured","30":"taxable","31":"shipping-taxable","32":"purchasable","33":"product-type-variable"},"acf":[],"_links":{"self":[{"href":"https:\/\/pgwear.net\/de\/wp-json\/wp\/v2\/product\/175892","targetHints":{"allow":["GET"]}}],"collection":[{"href":"https:\/\/pgwear.net\/de\/wp-json\/wp\/v2\/product"}],"about":[{"href":"https:\/\/pgwear.net\/de\/wp-json\/wp\/v2\/types\/product"}],"wp:featuredmedia":[{"embeddable":true,"href":"https:\/\/pgwear.net\/de\/wp-json\/wp\/v2\/media\/196345"}],"wp:attachment":[{"href":"https:\/\/pgwear.net\/de\/wp-json\/wp\/v2\/media?parent=175892"}],"wp:term":[{"taxonomy":"product_brand","embeddable":true,"href":"https:\/\/pgwear.net\/de\/wp-json\/wp\/v2\/product_brand?post=175892"},{"taxonomy":"product_cat","embeddable":true,"href":"https:\/\/pgwear.net\/de\/wp-json\/wp\/v2\/product_cat?post=175892"},{"taxonomy":"product_tag","embeddable":true,"href":"https:\/\/pgwear.net\/de\/wp-json\/wp\/v2\/product_tag?post=175892"}],"curies":[{"name":"wp","href":"https:\/\/api.w.org\/{rel}","templated":true}]}}