{"id":17590,"date":"2022-04-29T11:08:28","date_gmt":"2022-04-29T09:08:28","guid":{"rendered":"https:\/\/dev.pgwear.net\/p\/t-shirt-cant-stop-us\/"},"modified":"2026-03-06T12:08:33","modified_gmt":"2026-03-06T11:08:33","slug":"devre22-t-shirt-cant-stop-us","status":"publish","type":"product","link":"https:\/\/pgwear.net\/de\/p\/devre22-t-shirt-cant-stop-us\/","title":{"rendered":"T-shirt &#8220;Can&#8217;t Stop Us&#8221;"},"content":{"rendered":"<p>Stadionverbote, Verhaftungen, Bu\u00dfgelder, Flaggenverbote, Spiele ohne Besucher, Zensur\u2026 Es gibt viele M\u00f6glichkeiten, uns aufzuhalten, aber\u2026 die Wahrheit ist, dass niemand ULTRAS von seiner endlosen Leidenschaft abhalten kann und das geliebte Team zu Hause oder ausw\u00e4rts zu unterst\u00fctzen! Das kultige T-Shirt von PGWEAR ULTRAS SHOP mit riesigem Print auf dem R\u00fccken verdeutlicht das perfekt!<\/p>\n","protected":false},"excerpt":{"rendered":"<p>Stadionverbote, Verhaftungen, Bu\u00dfgelder, Flaggenverbote, Spiele ohne Besucher, Zensur\u2026<\/p>\n","protected":false},"featured_media":17567,"template":"","meta":{"_acf_changed":false},"product_brand":[],"product_cat":[660],"product_tag":[3279],"class_list":{"0":"post-17590","1":"product","2":"type-product","3":"status-publish","4":"has-post-thumbnail","6":"product_cat-t-shirts-de","7":"product_tag-letzte-chance","8":"pa_gramatura-180-gr-m2-de","9":"pa_kolekcja-legendare-pgwear-produkte","10":"pa_kolor-schwarz","11":"pa_kroj-klassisch","12":"pa_material-100-baumwolle-de-2","13":"pa_nadruk-grosser-brustaufdruck","14":"pa_nadruk-grosser-rueckenaufdruck","15":"pa_rozmiar-l-de","16":"pa_rozmiar-m-de-2","17":"pa_rozmiar-s-de","18":"pa_rozmiar-xl-de","19":"pa_rozmiar-xxl-de","20":"pa_rozmiar-xxxl-de","22":"first","23":"outofstock","24":"taxable","25":"shipping-taxable","26":"product-type-variable"},"acf":[],"_links":{"self":[{"href":"https:\/\/pgwear.net\/de\/wp-json\/wp\/v2\/product\/17590","targetHints":{"allow":["GET"]}}],"collection":[{"href":"https:\/\/pgwear.net\/de\/wp-json\/wp\/v2\/product"}],"about":[{"href":"https:\/\/pgwear.net\/de\/wp-json\/wp\/v2\/types\/product"}],"wp:featuredmedia":[{"embeddable":true,"href":"https:\/\/pgwear.net\/de\/wp-json\/wp\/v2\/media\/17567"}],"wp:attachment":[{"href":"https:\/\/pgwear.net\/de\/wp-json\/wp\/v2\/media?parent=17590"}],"wp:term":[{"taxonomy":"product_brand","embeddable":true,"href":"https:\/\/pgwear.net\/de\/wp-json\/wp\/v2\/product_brand?post=17590"},{"taxonomy":"product_cat","embeddable":true,"href":"https:\/\/pgwear.net\/de\/wp-json\/wp\/v2\/product_cat?post=17590"},{"taxonomy":"product_tag","embeddable":true,"href":"https:\/\/pgwear.net\/de\/wp-json\/wp\/v2\/product_tag?post=17590"}],"curies":[{"name":"wp","href":"https:\/\/api.w.org\/{rel}","templated":true}]}}