{"id":175911,"date":"2024-10-17T10:26:40","date_gmt":"2024-10-17T08:26:40","guid":{"rendered":"https:\/\/pgwear.net\/p\/t-shirt-photo-schwarz\/"},"modified":"2026-03-30T08:06:30","modified_gmt":"2026-03-30T06:06:30","slug":"t-shirt-photo-schwarz","status":"publish","type":"product","link":"https:\/\/pgwear.net\/de\/p\/t-shirt-photo-schwarz\/","title":{"rendered":"T-shirt &#8220;Photo&#8221; Schwarz"},"content":{"rendered":"<p>Dieses PGWEAR-T-Shirt verf\u00fcgt \u00fcber einen gro\u00dfen Aufdruck auf der Vorderseite, der die Energie, Kameradschaft und den Stolz verk\u00f6rpert, die die Zugeh\u00f6rigkeit zur Ultras-Bewegung mit sich bringt. Vom Jubel auf den Trib\u00fcnen bis zum Rauch der Fackeln f\u00e4ngt es die Essenz unserer Kultur in jedem Detail dieses Motivs ein. <\/p>\n","protected":false},"excerpt":{"rendered":"<p>Dieses PGWEAR-T-Shirt verf\u00fcgt \u00fcber einen gro\u00dfen Aufdruck auf der Vorderseite, der die Energie, Kameradschaft und den Stolz verk\u00f6rpert, die die Zugeh\u00f6rigkeit zur Ultras-Bewegung mit sich bringt.<\/p>\n","protected":false},"featured_media":196336,"template":"","meta":{"_acf_changed":false},"product_brand":[],"product_cat":[658,660],"product_tag":[3419,3279],"class_list":{"0":"post-175911","1":"product","2":"type-product","3":"status-publish","4":"has-post-thumbnail","6":"product_cat-neuheiten","7":"product_cat-t-shirts-de","8":"product_tag-fruhling-sommer-2025","9":"product_tag-letzte-chance","10":"pa_gramatura-180-gr-m2-de","11":"pa_kolekcja-fruhling-sommer-2025","12":"pa_kolor-schwarz","13":"pa_kroj-klassisch","14":"pa_material-100-baumwolle-de-2","15":"pa_nadruk-groser-druck-auf-der-vorderseite","16":"pa_rozmiar-l-de","17":"pa_rozmiar-m-de-2","18":"pa_rozmiar-s-de","19":"pa_rozmiar-xl-de","20":"pa_rozmiar-xxl-de","21":"pa_rozmiar-xxxl-de","23":"first","24":"instock","25":"sale","26":"featured","27":"taxable","28":"shipping-taxable","29":"purchasable","30":"product-type-variable"},"acf":[],"_links":{"self":[{"href":"https:\/\/pgwear.net\/de\/wp-json\/wp\/v2\/product\/175911","targetHints":{"allow":["GET"]}}],"collection":[{"href":"https:\/\/pgwear.net\/de\/wp-json\/wp\/v2\/product"}],"about":[{"href":"https:\/\/pgwear.net\/de\/wp-json\/wp\/v2\/types\/product"}],"wp:featuredmedia":[{"embeddable":true,"href":"https:\/\/pgwear.net\/de\/wp-json\/wp\/v2\/media\/196336"}],"wp:attachment":[{"href":"https:\/\/pgwear.net\/de\/wp-json\/wp\/v2\/media?parent=175911"}],"wp:term":[{"taxonomy":"product_brand","embeddable":true,"href":"https:\/\/pgwear.net\/de\/wp-json\/wp\/v2\/product_brand?post=175911"},{"taxonomy":"product_cat","embeddable":true,"href":"https:\/\/pgwear.net\/de\/wp-json\/wp\/v2\/product_cat?post=175911"},{"taxonomy":"product_tag","embeddable":true,"href":"https:\/\/pgwear.net\/de\/wp-json\/wp\/v2\/product_tag?post=175911"}],"curies":[{"name":"wp","href":"https:\/\/api.w.org\/{rel}","templated":true}]}}