{"id":175945,"date":"2024-10-17T10:26:44","date_gmt":"2024-10-17T08:26:44","guid":{"rendered":"https:\/\/pgwear.net\/p\/t-shirt-back-print-marine\/"},"modified":"2026-04-13T23:58:31","modified_gmt":"2026-04-13T21:58:31","slug":"t-shirt-back-print-marine","status":"publish","type":"product","link":"https:\/\/pgwear.net\/de\/p\/t-shirt-back-print-marine\/","title":{"rendered":"T-shirt &#8220;Back Print&#8221; Marine"},"content":{"rendered":"<p>Baumwoll-T-Shirt mit klassischer Passform, verziert mit dekonstruiertem PGWEAR-Logo auf der R\u00fcckseite und kleiner Aufschrift auf der Vorderseite. Es ist ein perfektes St\u00fcck f\u00fcr die Garderobe jedes Fu\u00dfballfans, das man auf der Stra\u00dfe, im Stadion und \u00fcberall sonst tragen kann! Erh\u00e4ltlich in zwei Farbversionen.<\/p>\n","protected":false},"excerpt":{"rendered":"<p>Baumwoll-T-Shirt mit klassischer Passform, verziert mit dekonstruiertem PGWEAR-Logo auf der R\u00fcckseite und kleiner Aufschrift auf der Vorderseite. Es ist ein perfektes St\u00fcck f\u00fcr die Garderobe jedes Fu\u00dfballfans, das man auf der Stra\u00dfe, im Stadion und \u00fcberall sonst tragen kann!<\/p>\n","protected":false},"featured_media":196703,"template":"","meta":{"_acf_changed":false},"product_brand":[],"product_cat":[3611,658,660],"product_tag":[3419,3279],"class_list":{"0":"post-175945","1":"product","2":"type-product","3":"status-publish","4":"has-post-thumbnail","6":"product_cat-casual-de","7":"product_cat-neuheiten","8":"product_cat-t-shirts-de","9":"product_tag-fruhling-sommer-2025","10":"product_tag-letzte-chance","11":"pa_gramatura-180-gr-m2-de","12":"pa_kolekcja-fruhling-sommer-2025","13":"pa_kolor-marineblau","14":"pa_kroj-klassisch","15":"pa_material-100-baumwolle-de-2","16":"pa_nadruk-aufdruck-in-der-mitte","17":"pa_nadruk-grosser-rueckenaufdruck","18":"pa_rozmiar-l-de","19":"pa_rozmiar-m-de-2","20":"pa_rozmiar-s-de","21":"pa_rozmiar-xl-de","22":"pa_rozmiar-xxl-de","23":"pa_rozmiar-xxxl-de","25":"first","26":"instock","27":"featured","28":"taxable","29":"shipping-taxable","30":"product-type-variable"},"acf":[],"_links":{"self":[{"href":"https:\/\/pgwear.net\/de\/wp-json\/wp\/v2\/product\/175945","targetHints":{"allow":["GET"]}}],"collection":[{"href":"https:\/\/pgwear.net\/de\/wp-json\/wp\/v2\/product"}],"about":[{"href":"https:\/\/pgwear.net\/de\/wp-json\/wp\/v2\/types\/product"}],"wp:featuredmedia":[{"embeddable":true,"href":"https:\/\/pgwear.net\/de\/wp-json\/wp\/v2\/media\/196703"}],"wp:attachment":[{"href":"https:\/\/pgwear.net\/de\/wp-json\/wp\/v2\/media?parent=175945"}],"wp:term":[{"taxonomy":"product_brand","embeddable":true,"href":"https:\/\/pgwear.net\/de\/wp-json\/wp\/v2\/product_brand?post=175945"},{"taxonomy":"product_cat","embeddable":true,"href":"https:\/\/pgwear.net\/de\/wp-json\/wp\/v2\/product_cat?post=175945"},{"taxonomy":"product_tag","embeddable":true,"href":"https:\/\/pgwear.net\/de\/wp-json\/wp\/v2\/product_tag?post=175945"}],"curies":[{"name":"wp","href":"https:\/\/api.w.org\/{rel}","templated":true}]}}