{"id":176108,"date":"2024-10-17T10:26:45","date_gmt":"2024-10-17T08:26:45","guid":{"rendered":"https:\/\/pgwear.net\/p\/t-shirt-brush-weiss\/"},"modified":"2026-03-31T12:47:33","modified_gmt":"2026-03-31T10:47:33","slug":"t-shirt-brush-weiss","status":"publish","type":"product","link":"https:\/\/pgwear.net\/de\/p\/t-shirt-brush-weiss\/","title":{"rendered":"T-shirt &#8220;Brush&#8221; Wei\u00df"},"content":{"rendered":"<p>Klassisch geschnittenes Baumwoll-T-Shirt, verziert mit einem dekonstruierten PGWEAR-Logo auf der R\u00fcckseite und einer kleinen Aufschrift auf der Vorderseite. Es ist das perfekte St\u00fcck f\u00fcr die Garderobe jedes Fu\u00dfballfans und kann auf der Stra\u00dfe, im Stadion und \u00fcberall sonst getragen werden!  Erh\u00e4ltlich in zwei Farbvarianten.<\/p>\n","protected":false},"excerpt":{"rendered":"<p>Klassisch geschnittenes Baumwoll-T-Shirt, verziert mit einem dekonstruierten PGWEAR-Logo auf der R\u00fcckseite und einer kleinen Aufschrift auf der Vorderseite. Es ist das perfekte St\u00fcck f\u00fcr die Garderobe jedes Fu\u00dfballfans und kann auf der Stra\u00dfe, im Stadion und \u00fcberall sonst getragen werden! <\/p>\n","protected":false},"featured_media":196322,"template":"","meta":{"_acf_changed":false},"product_brand":[],"product_cat":[3611,658,660],"product_tag":[3419],"class_list":{"0":"post-176108","1":"product","2":"type-product","3":"status-publish","4":"has-post-thumbnail","6":"product_cat-casual-de","7":"product_cat-neuheiten","8":"product_cat-t-shirts-de","9":"product_tag-fruhling-sommer-2025","10":"pa_gramatura-180-gr-m2-de","11":"pa_kolekcja-fruhling-sommer-2025","12":"pa_kolor-weiss","13":"pa_kroj-klassisch","14":"pa_material-100-baumwolle-de-2","15":"pa_nadruk-aufdruck-in-der-mitte","16":"pa_nadruk-grosser-rueckenaufdruck","17":"pa_rozmiar-l-de","18":"pa_rozmiar-m-de-2","19":"pa_rozmiar-s-de","20":"pa_rozmiar-xl-de","21":"pa_rozmiar-xxl-de","22":"pa_rozmiar-xxxl-de","24":"first","25":"instock","26":"featured","27":"taxable","28":"shipping-taxable","29":"purchasable","30":"product-type-variable"},"acf":[],"_links":{"self":[{"href":"https:\/\/pgwear.net\/de\/wp-json\/wp\/v2\/product\/176108","targetHints":{"allow":["GET"]}}],"collection":[{"href":"https:\/\/pgwear.net\/de\/wp-json\/wp\/v2\/product"}],"about":[{"href":"https:\/\/pgwear.net\/de\/wp-json\/wp\/v2\/types\/product"}],"wp:featuredmedia":[{"embeddable":true,"href":"https:\/\/pgwear.net\/de\/wp-json\/wp\/v2\/media\/196322"}],"wp:attachment":[{"href":"https:\/\/pgwear.net\/de\/wp-json\/wp\/v2\/media?parent=176108"}],"wp:term":[{"taxonomy":"product_brand","embeddable":true,"href":"https:\/\/pgwear.net\/de\/wp-json\/wp\/v2\/product_brand?post=176108"},{"taxonomy":"product_cat","embeddable":true,"href":"https:\/\/pgwear.net\/de\/wp-json\/wp\/v2\/product_cat?post=176108"},{"taxonomy":"product_tag","embeddable":true,"href":"https:\/\/pgwear.net\/de\/wp-json\/wp\/v2\/product_tag?post=176108"}],"curies":[{"name":"wp","href":"https:\/\/api.w.org\/{rel}","templated":true}]}}