{"id":176147,"date":"2024-10-17T10:26:49","date_gmt":"2024-10-17T08:26:49","guid":{"rendered":"https:\/\/pgwear.net\/p\/t-shirt-rumble-schwarz\/"},"modified":"2026-03-14T02:06:06","modified_gmt":"2026-03-14T01:06:06","slug":"t-shirt-rumble-schwarz","status":"publish","type":"product","link":"https:\/\/pgwear.net\/de\/p\/t-shirt-rumble-schwarz\/","title":{"rendered":"T-shirt Rumble&#8221; Schwarz"},"content":{"rendered":"<p>PGWEAR liebt gro\u00dfe Drucke im Ultras-Stil! Daf\u00fcr sind wir ber\u00fchmt und solche Produkte d\u00fcrfen in keiner Kollektion fehlen!  Das T-Shirt RUMBLE ist ein gro\u00dfartiges Beispiel f\u00fcr diesen Stil! Trage es stolz auf der Stra\u00dfe und im Stadion! <\/p>\n","protected":false},"excerpt":{"rendered":"<p>PGWEAR liebt gro\u00dfe Drucke im Ultras-Stil! Daf\u00fcr sind wir ber\u00fchmt und solche Produkte d\u00fcrfen in keiner Kollektion fehlen!  Das T-Shirt RUMBLE ist ein gro\u00dfartiges Beispiel f\u00fcr diesen Stil! Trage es stolz auf der Stra\u00dfe und im Stadion! <\/p>\n","protected":false},"featured_media":196304,"template":"","meta":{"_acf_changed":false},"product_brand":[],"product_cat":[658,660],"product_tag":[3419,3279],"class_list":{"0":"post-176147","1":"product","2":"type-product","3":"status-publish","4":"has-post-thumbnail","6":"product_cat-neuheiten","7":"product_cat-t-shirts-de","8":"product_tag-fruhling-sommer-2025","9":"product_tag-letzte-chance","10":"pa_gramatura-180-gr-m2-de","11":"pa_kolekcja-fruhling-sommer-2025","12":"pa_kolor-schwarz","13":"pa_kroj-klassisch","14":"pa_material-100-baumwolle-de-2","15":"pa_nadruk-aufdruck-in-der-mitte","16":"pa_nadruk-grosser-rueckenaufdruck","17":"pa_rozmiar-l-de","18":"pa_rozmiar-m-de-2","19":"pa_rozmiar-s-de","20":"pa_rozmiar-xl-de","21":"pa_rozmiar-xxl-de","22":"pa_rozmiar-xxxl-de","24":"first","25":"instock","26":"sale","27":"featured","28":"taxable","29":"shipping-taxable","30":"purchasable","31":"product-type-variable"},"acf":[],"_links":{"self":[{"href":"https:\/\/pgwear.net\/de\/wp-json\/wp\/v2\/product\/176147","targetHints":{"allow":["GET"]}}],"collection":[{"href":"https:\/\/pgwear.net\/de\/wp-json\/wp\/v2\/product"}],"about":[{"href":"https:\/\/pgwear.net\/de\/wp-json\/wp\/v2\/types\/product"}],"wp:featuredmedia":[{"embeddable":true,"href":"https:\/\/pgwear.net\/de\/wp-json\/wp\/v2\/media\/196304"}],"wp:attachment":[{"href":"https:\/\/pgwear.net\/de\/wp-json\/wp\/v2\/media?parent=176147"}],"wp:term":[{"taxonomy":"product_brand","embeddable":true,"href":"https:\/\/pgwear.net\/de\/wp-json\/wp\/v2\/product_brand?post=176147"},{"taxonomy":"product_cat","embeddable":true,"href":"https:\/\/pgwear.net\/de\/wp-json\/wp\/v2\/product_cat?post=176147"},{"taxonomy":"product_tag","embeddable":true,"href":"https:\/\/pgwear.net\/de\/wp-json\/wp\/v2\/product_tag?post=176147"}],"curies":[{"name":"wp","href":"https:\/\/api.w.org\/{rel}","templated":true}]}}