{"id":176154,"date":"2024-10-17T10:26:50","date_gmt":"2024-10-17T08:26:50","guid":{"rendered":"https:\/\/pgwear.net\/p\/t-shirt-faxe-schwarz\/"},"modified":"2026-03-31T12:47:16","modified_gmt":"2026-03-31T10:47:16","slug":"t-shirt-faxe-schwarz","status":"publish","type":"product","link":"https:\/\/pgwear.net\/de\/p\/t-shirt-faxe-schwarz\/","title":{"rendered":"T-shirt &#8220;Faxe&#8221; Schwarz"},"content":{"rendered":"<p>Bier ist in der Fu\u00dfballkultur nicht einfach nur ein Getr\u00e4nk! Es wird mit abenteuerlichen Ausw\u00e4rtsspielen, Torjubel auf der Trib\u00fcne und endlosen Stunden mit treuen Freunden in der Stammkneipe in Verbindung gebracht \u2026 Das PGWEAR-T-Shirt ist mit dem Bieretikett verziert und vermittelt eine wichtige Botschaft f\u00fcr alle Ultras, Fans und Hooligans \u2013 ACAB!<\/p>\n","protected":false},"excerpt":{"rendered":"<p>Bier ist in der Fu\u00dfballkultur nicht einfach nur ein Getr\u00e4nk! Bier ist in der Fu\u00dfballkultur nicht einfach nur ein Getr\u00e4nk! Es wird mit abenteuerlichen Ausw\u00e4rtsspielen, Torjubel auf der Trib\u00fcne und endlosen Stunden mit treuen Freunden in der Stammkneipe in Verbindung gebracht\u2026<\/p>\n","protected":false},"featured_media":196291,"template":"","meta":{"_acf_changed":false},"product_brand":[],"product_cat":[658,660],"product_tag":[3419],"class_list":{"0":"post-176154","1":"product","2":"type-product","3":"status-publish","4":"has-post-thumbnail","6":"product_cat-neuheiten","7":"product_cat-t-shirts-de","8":"product_tag-fruhling-sommer-2025","9":"pa_gramatura-180-gr-m2-de","10":"pa_kolekcja-fruhling-sommer-2025","11":"pa_kolor-schwarz","12":"pa_kroj-klassisch","13":"pa_material-100-baumwolle-de-2","14":"pa_nadruk-grosser-brustaufdruck","15":"pa_rozmiar-l-de","16":"pa_rozmiar-m-de-2","17":"pa_rozmiar-s-de","18":"pa_rozmiar-xl-de","19":"pa_rozmiar-xxl-de","20":"pa_rozmiar-xxxl-de","21":"feature-thema-bier","23":"first","24":"instock","25":"featured","26":"taxable","27":"shipping-taxable","28":"purchasable","29":"product-type-variable"},"acf":[],"_links":{"self":[{"href":"https:\/\/pgwear.net\/de\/wp-json\/wp\/v2\/product\/176154","targetHints":{"allow":["GET"]}}],"collection":[{"href":"https:\/\/pgwear.net\/de\/wp-json\/wp\/v2\/product"}],"about":[{"href":"https:\/\/pgwear.net\/de\/wp-json\/wp\/v2\/types\/product"}],"wp:featuredmedia":[{"embeddable":true,"href":"https:\/\/pgwear.net\/de\/wp-json\/wp\/v2\/media\/196291"}],"wp:attachment":[{"href":"https:\/\/pgwear.net\/de\/wp-json\/wp\/v2\/media?parent=176154"}],"wp:term":[{"taxonomy":"product_brand","embeddable":true,"href":"https:\/\/pgwear.net\/de\/wp-json\/wp\/v2\/product_brand?post=176154"},{"taxonomy":"product_cat","embeddable":true,"href":"https:\/\/pgwear.net\/de\/wp-json\/wp\/v2\/product_cat?post=176154"},{"taxonomy":"product_tag","embeddable":true,"href":"https:\/\/pgwear.net\/de\/wp-json\/wp\/v2\/product_tag?post=176154"}],"curies":[{"name":"wp","href":"https:\/\/api.w.org\/{rel}","templated":true}]}}