{"id":176192,"date":"2024-10-17T10:26:52","date_gmt":"2024-10-17T08:26:52","guid":{"rendered":"https:\/\/pgwear.net\/p\/t-shirt-bari-rot-weiss\/"},"modified":"2026-02-05T15:16:35","modified_gmt":"2026-02-05T14:16:35","slug":"t-shirt-bari-rot-weiss","status":"publish","type":"product","link":"https:\/\/pgwear.net\/de\/p\/t-shirt-bari-rot-weiss\/","title":{"rendered":"T-shirt &#8220;Bari&#8221; Rot\/Wei\u00df"},"content":{"rendered":"<p>Das minimalistische Design f\u00fcr alle, die im Stadion anonym bleiben, aber trotzdem die Vereinsfarben tragen m\u00f6chten. Die perfekte Passform und Qualit\u00e4t f\u00fcr alle, die auch auf der Stra\u00dfe stilvoll auftreten m\u00f6chten.  Zweifarbige Streifen und das Logo von PGWEAR f\u00fcr alle, die diskret zeigen m\u00f6chten, dass sie zur Ultras-Bewegung geh\u00f6ren. Darum geht es beim T-Shirt BARI! <\/p>\n","protected":false},"excerpt":{"rendered":"<p>Das minimalistische Design f\u00fcr alle, die im Stadion anonym bleiben, aber trotzdem die Vereinsfarben tragen m\u00f6chten. Die perfekte Passform und Qualit\u00e4t f\u00fcr alle, die auch auf der Stra\u00dfe stilvoll auftreten m\u00f6chten. <\/p>\n","protected":false},"featured_media":196277,"template":"","meta":{"_acf_changed":false},"product_brand":[],"product_cat":[3611,658,660],"product_tag":[3419,3279],"class_list":{"0":"post-176192","1":"product","2":"type-product","3":"status-publish","4":"has-post-thumbnail","6":"product_cat-casual-de","7":"product_cat-neuheiten","8":"product_cat-t-shirts-de","9":"product_tag-fruhling-sommer-2025","10":"product_tag-letzte-chance","11":"pa_gramatura-180-gr-m2-de","12":"pa_kolekcja-fruhling-sommer-2025","13":"pa_kolor-schwarz","14":"pa_kroj-klassisch","15":"pa_material-100-baumwolle-de-2","16":"pa_rozmiar-l-de","17":"pa_rozmiar-m-de-2","18":"pa_rozmiar-s-de","19":"pa_rozmiar-xl-de","20":"pa_rozmiar-xxl-de","21":"pa_rozmiar-xxxl-de","23":"first","24":"outofstock","25":"featured","26":"taxable","27":"shipping-taxable","28":"product-type-variable"},"acf":[],"_links":{"self":[{"href":"https:\/\/pgwear.net\/de\/wp-json\/wp\/v2\/product\/176192","targetHints":{"allow":["GET"]}}],"collection":[{"href":"https:\/\/pgwear.net\/de\/wp-json\/wp\/v2\/product"}],"about":[{"href":"https:\/\/pgwear.net\/de\/wp-json\/wp\/v2\/types\/product"}],"wp:featuredmedia":[{"embeddable":true,"href":"https:\/\/pgwear.net\/de\/wp-json\/wp\/v2\/media\/196277"}],"wp:attachment":[{"href":"https:\/\/pgwear.net\/de\/wp-json\/wp\/v2\/media?parent=176192"}],"wp:term":[{"taxonomy":"product_brand","embeddable":true,"href":"https:\/\/pgwear.net\/de\/wp-json\/wp\/v2\/product_brand?post=176192"},{"taxonomy":"product_cat","embeddable":true,"href":"https:\/\/pgwear.net\/de\/wp-json\/wp\/v2\/product_cat?post=176192"},{"taxonomy":"product_tag","embeddable":true,"href":"https:\/\/pgwear.net\/de\/wp-json\/wp\/v2\/product_tag?post=176192"}],"curies":[{"name":"wp","href":"https:\/\/api.w.org\/{rel}","templated":true}]}}