{"id":176257,"date":"2024-10-17T10:26:57","date_gmt":"2024-10-17T08:26:57","guid":{"rendered":"https:\/\/pgwear.net\/p\/sweatshirt-concept-braun\/"},"modified":"2026-02-27T11:04:03","modified_gmt":"2026-02-27T10:04:03","slug":"sweatshirt-concept-braun","status":"publish","type":"product","link":"https:\/\/pgwear.net\/de\/p\/sweatshirt-concept-braun\/","title":{"rendered":"Sweatshirt &#8220;Concept&#8221; Braun"},"content":{"rendered":"<p>F\u00fcr k\u00fchlere Abende mit treuen Freunden im Pub oder f\u00fcr ein l\u00e4ngeres Ausw\u00e4rtsspiel. Dieses minimalistische, l\u00e4ssige Sweatshirt passt zu jedem Outfit, egal ob du dich zu Hause oder ausw\u00e4rts, bei einem Spiel oder einem Date, auf der Stra\u00dfe oder im Stadion befindest!  Suche nach deinen Favoriten aus den verf\u00fcgbaren Farben aus. Nur bei PGWEAR! <\/p>\n","protected":false},"excerpt":{"rendered":"<p>F\u00fcr k\u00fchlere Abende mit treuen Freunden im Pub oder f\u00fcr ein l\u00e4ngeres Ausw\u00e4rtsspiel. Dieses minimalistische, l\u00e4ssige Sweatshirt passt zu jedem Outfit, egal ob du dich zu Hause oder ausw\u00e4rts, bei einem Spiel oder einem Date, auf der Stra\u00dfe oder im Stadion befindest! <\/p>\n","protected":false},"featured_media":196227,"template":"","meta":{"_acf_changed":false},"product_brand":[],"product_cat":[658,610,3559],"product_tag":[3419,3279],"class_list":{"0":"post-176257","1":"product","2":"type-product","3":"status-publish","4":"has-post-thumbnail","6":"product_cat-neuheiten","7":"product_cat-sweatshirts","8":"product_cat-sweatshirts-de","9":"product_tag-fruhling-sommer-2025","10":"product_tag-letzte-chance","11":"pa_gramatura-280-gr-m2-de","12":"pa_kolekcja-fruhling-sommer-2025","13":"pa_kolor-braun","14":"pa_kroj-klassisch","15":"pa_material-100-baumwolle-de-2","16":"pa_rozmiar-l-de","17":"pa_rozmiar-m-de-2","18":"pa_rozmiar-s-de","19":"pa_rozmiar-xl-de","20":"pa_rozmiar-xxl-de","21":"pa_rozmiar-xxxl-de","23":"first","24":"instock","25":"sale","26":"taxable","27":"shipping-taxable","28":"purchasable","29":"product-type-variable"},"acf":[],"_links":{"self":[{"href":"https:\/\/pgwear.net\/de\/wp-json\/wp\/v2\/product\/176257","targetHints":{"allow":["GET"]}}],"collection":[{"href":"https:\/\/pgwear.net\/de\/wp-json\/wp\/v2\/product"}],"about":[{"href":"https:\/\/pgwear.net\/de\/wp-json\/wp\/v2\/types\/product"}],"wp:featuredmedia":[{"embeddable":true,"href":"https:\/\/pgwear.net\/de\/wp-json\/wp\/v2\/media\/196227"}],"wp:attachment":[{"href":"https:\/\/pgwear.net\/de\/wp-json\/wp\/v2\/media?parent=176257"}],"wp:term":[{"taxonomy":"product_brand","embeddable":true,"href":"https:\/\/pgwear.net\/de\/wp-json\/wp\/v2\/product_brand?post=176257"},{"taxonomy":"product_cat","embeddable":true,"href":"https:\/\/pgwear.net\/de\/wp-json\/wp\/v2\/product_cat?post=176257"},{"taxonomy":"product_tag","embeddable":true,"href":"https:\/\/pgwear.net\/de\/wp-json\/wp\/v2\/product_tag?post=176257"}],"curies":[{"name":"wp","href":"https:\/\/api.w.org\/{rel}","templated":true}]}}