{"id":176384,"date":"2024-10-17T10:27:06","date_gmt":"2024-10-17T08:27:06","guid":{"rendered":"https:\/\/pgwear.net\/p\/kapuzenpullover-canyon-schwarz\/"},"modified":"2026-03-23T08:04:45","modified_gmt":"2026-03-23T07:04:45","slug":"kapuzenpullover-canyon-schwarz","status":"publish","type":"product","link":"https:\/\/pgwear.net\/de\/p\/kapuzenpullover-canyon-schwarz\/","title":{"rendered":"Kapuzenpullover &#8220;Canyon&#8221; Schwarz"},"content":{"rendered":"<p>Legend\u00e4rer PGWEAR-Hoodie mit Sturmhaube in der Kapuze. Hergestellt aus Materialien h\u00f6chster Qualit\u00e4t mit Liebe zum Detail! Egal, wo du dich befindest, zu Hause oder unterwegs, dieses Produkt wird dich vor ACAB und CCTV-Kameras, sowohl auf der Stra\u00dfe als auch im Stadion sch\u00fctzen.<\/p>\n","protected":false},"excerpt":{"rendered":"<p>Legend\u00e4rer PGWEAR-Hoodie mit Sturmhaube in der Kapuze. Hergestellt aus Materialien h\u00f6chster Qualit\u00e4t mit Liebe zum Detail!<\/p>\n","protected":false},"featured_media":196128,"template":"","meta":{"_acf_changed":false},"product_brand":[],"product_cat":[3561,3563,658,610],"product_tag":[3419],"class_list":{"0":"post-176384","1":"product","2":"type-product","3":"status-publish","4":"has-post-thumbnail","6":"product_cat-kapuzenpullover","7":"product_cat-kapuzenpullover-mit-sturmhaube","8":"product_cat-neuheiten","9":"product_cat-sweatshirts","10":"product_tag-fruhling-sommer-2025","11":"pa_gramatura-250-gr-m2-de","12":"pa_kolekcja-fruhling-sommer-2025","13":"pa_kolor-schwarz","14":"pa_kroj-raglan-de","15":"pa_material-90-polyester-10-elastan","16":"pa_rozmiar-l-de","17":"pa_rozmiar-m-de-2","18":"pa_rozmiar-s-de","19":"pa_rozmiar-xl-de","20":"pa_rozmiar-xxl-de","21":"pa_rozmiar-xxxl-de","22":"feature-integrierte-sturmhaube","24":"first","25":"instock","26":"taxable","27":"shipping-taxable","28":"purchasable","29":"product-type-variable"},"acf":[],"_links":{"self":[{"href":"https:\/\/pgwear.net\/de\/wp-json\/wp\/v2\/product\/176384","targetHints":{"allow":["GET"]}}],"collection":[{"href":"https:\/\/pgwear.net\/de\/wp-json\/wp\/v2\/product"}],"about":[{"href":"https:\/\/pgwear.net\/de\/wp-json\/wp\/v2\/types\/product"}],"wp:featuredmedia":[{"embeddable":true,"href":"https:\/\/pgwear.net\/de\/wp-json\/wp\/v2\/media\/196128"}],"wp:attachment":[{"href":"https:\/\/pgwear.net\/de\/wp-json\/wp\/v2\/media?parent=176384"}],"wp:term":[{"taxonomy":"product_brand","embeddable":true,"href":"https:\/\/pgwear.net\/de\/wp-json\/wp\/v2\/product_brand?post=176384"},{"taxonomy":"product_cat","embeddable":true,"href":"https:\/\/pgwear.net\/de\/wp-json\/wp\/v2\/product_cat?post=176384"},{"taxonomy":"product_tag","embeddable":true,"href":"https:\/\/pgwear.net\/de\/wp-json\/wp\/v2\/product_tag?post=176384"}],"curies":[{"name":"wp","href":"https:\/\/api.w.org\/{rel}","templated":true}]}}