{"id":176456,"date":"2024-10-17T10:27:11","date_gmt":"2024-10-17T08:27:11","guid":{"rendered":"https:\/\/pgwear.net\/p\/sport-jacke-bavaria-rot-weiss\/"},"modified":"2026-04-13T16:21:27","modified_gmt":"2026-04-13T14:21:27","slug":"sport-jacke-bavaria-rot-weiss","status":"publish","type":"product","link":"https:\/\/pgwear.net\/de\/p\/sport-jacke-bavaria-rot-weiss\/","title":{"rendered":"Sport Jacke &#8220;Bavaria&#8221; Rot\/Wei\u00df"},"content":{"rendered":"<p>Inspiriert von der Casual-Kultur der 80er Jahre hat PGWEAR dieses Trainingsjacke entworfen. Sportlich und elegant zugleich, sieht sie zu jedem Sommeroutfit gro\u00dfartig aus, egal ob du dich zu Hause oder unterwegs, auf der Stra\u00dfe oder im Stadion befindest!   Finde deine perfekte Farbvariante unter den zwei verf\u00fcgbaren.<\/p>\n","protected":false},"excerpt":{"rendered":"<p>Inspiriert von der Casual-Kultur der 80er Jahre hat PGWEAR dieses Trainingsjacke entworfen. Sportlich und elegant zugleich, sieht sie zu jedem Sommeroutfit gro\u00dfartig aus, egal ob du dich zu Hause oder unterwegs, auf der Stra\u00dfe oder im Stadion befindest!  <\/p>\n","protected":false},"featured_media":196045,"template":"","meta":{"_acf_changed":false},"product_brand":[],"product_cat":[656,3585,658],"product_tag":[3419],"class_list":{"0":"post-176456","1":"product","2":"type-product","3":"status-publish","4":"has-post-thumbnail","6":"product_cat-jacken","7":"product_cat-leichte-jacken","8":"product_cat-neuheiten","9":"product_tag-fruhling-sommer-2025","10":"pa_gramatura-100-gr-m2-de","11":"pa_kolekcja-fruhling-sommer-2024","12":"pa_kolor-schwarz-weis-rot","13":"pa_kroj-klassisch","14":"pa_material-100-polyester-de-3","15":"pa_rozmiar-l-de","16":"pa_rozmiar-m-de-2","17":"pa_rozmiar-s-de","18":"pa_rozmiar-xl-de","19":"pa_rozmiar-xxl-de","20":"pa_rozmiar-xxxl-de","22":"first","23":"instock","24":"sale","25":"taxable","26":"shipping-taxable","27":"purchasable","28":"product-type-variable"},"acf":[],"_links":{"self":[{"href":"https:\/\/pgwear.net\/de\/wp-json\/wp\/v2\/product\/176456","targetHints":{"allow":["GET"]}}],"collection":[{"href":"https:\/\/pgwear.net\/de\/wp-json\/wp\/v2\/product"}],"about":[{"href":"https:\/\/pgwear.net\/de\/wp-json\/wp\/v2\/types\/product"}],"wp:featuredmedia":[{"embeddable":true,"href":"https:\/\/pgwear.net\/de\/wp-json\/wp\/v2\/media\/196045"}],"wp:attachment":[{"href":"https:\/\/pgwear.net\/de\/wp-json\/wp\/v2\/media?parent=176456"}],"wp:term":[{"taxonomy":"product_brand","embeddable":true,"href":"https:\/\/pgwear.net\/de\/wp-json\/wp\/v2\/product_brand?post=176456"},{"taxonomy":"product_cat","embeddable":true,"href":"https:\/\/pgwear.net\/de\/wp-json\/wp\/v2\/product_cat?post=176456"},{"taxonomy":"product_tag","embeddable":true,"href":"https:\/\/pgwear.net\/de\/wp-json\/wp\/v2\/product_tag?post=176456"}],"curies":[{"name":"wp","href":"https:\/\/api.w.org\/{rel}","templated":true}]}}