{"id":176512,"date":"2024-10-17T10:27:16","date_gmt":"2024-10-17T08:27:16","guid":{"rendered":"https:\/\/pgwear.net\/p\/full-face-softshelljacke-risk-schwarz\/"},"modified":"2026-03-02T15:38:47","modified_gmt":"2026-03-02T14:38:47","slug":"full-face-softshelljacke-risk-schwarz","status":"publish","type":"product","link":"https:\/\/pgwear.net\/de\/p\/full-face-softshelljacke-risk-schwarz\/","title":{"rendered":"Full Face Softshelljacke &#8220;Risk&#8221; Schwarz"},"content":{"rendered":"<p>Die Softshelljacke ist immer eine tolle Option f\u00fcr die k\u00e4lteren Sommertage auf der Stra\u00dfe oder im Stadion. Dieses minimalistische St\u00fcck ist mit PGWEAR-Logos verziert, was es zu einem tollen Teil f\u00fcr deine Freizeitgarderobe macht.  Die Jacke hat auch eine Sturmhaube in der Kapuze, damit du vor CCTV-Kameras oder ACAB auf den Trib\u00fcnen sicher und anonym bleibst. W\u00e4hle aus zwei verf\u00fcgbaren Farben! <\/p>\n","protected":false},"excerpt":{"rendered":"<p>Die Softshelljacke ist immer eine tolle Option f\u00fcr die k\u00e4lteren Sommertage auf der Stra\u00dfe oder im Stadion. Dieses minimalistische St\u00fcck ist mit PGWEAR-Logos verziert, was es zu einem tollen Teil f\u00fcr deine Freizeitgarderobe macht. <\/p>\n","protected":false},"featured_media":195978,"template":"","meta":{"_acf_changed":false},"product_brand":[],"product_cat":[656,658,3589],"product_tag":[3419,3279],"class_list":{"0":"post-176512","1":"product","2":"type-product","3":"status-publish","4":"has-post-thumbnail","6":"product_cat-jacken","7":"product_cat-neuheiten","8":"product_cat-softshelljacken","9":"product_tag-fruhling-sommer-2025","10":"product_tag-letzte-chance","11":"pa_gramatura-200-gr-m2-de","12":"pa_kolekcja-fruhling-sommer-2025","13":"pa_kolor-schwarz","14":"pa_kroj-klassisch","15":"pa_material-100-polyester-de-3","16":"pa_nadruk-drytex-logo-auf-der-ruckseite","17":"pa_nadruk-reflektierendes-logo-auf-der-rechten-schulter","18":"pa_rozmiar-l-de","19":"pa_rozmiar-m-de-2","20":"pa_rozmiar-s-de","21":"pa_rozmiar-xl-de","22":"pa_rozmiar-xxl-de","23":"pa_rozmiar-xxxl-de","24":"feature-integrierte-sturmhaube","25":"feature-wasserdichte","27":"first","28":"outofstock","29":"sale","30":"taxable","31":"shipping-taxable","32":"purchasable","33":"product-type-variable"},"acf":[],"_links":{"self":[{"href":"https:\/\/pgwear.net\/de\/wp-json\/wp\/v2\/product\/176512","targetHints":{"allow":["GET"]}}],"collection":[{"href":"https:\/\/pgwear.net\/de\/wp-json\/wp\/v2\/product"}],"about":[{"href":"https:\/\/pgwear.net\/de\/wp-json\/wp\/v2\/types\/product"}],"wp:featuredmedia":[{"embeddable":true,"href":"https:\/\/pgwear.net\/de\/wp-json\/wp\/v2\/media\/195978"}],"wp:attachment":[{"href":"https:\/\/pgwear.net\/de\/wp-json\/wp\/v2\/media?parent=176512"}],"wp:term":[{"taxonomy":"product_brand","embeddable":true,"href":"https:\/\/pgwear.net\/de\/wp-json\/wp\/v2\/product_brand?post=176512"},{"taxonomy":"product_cat","embeddable":true,"href":"https:\/\/pgwear.net\/de\/wp-json\/wp\/v2\/product_cat?post=176512"},{"taxonomy":"product_tag","embeddable":true,"href":"https:\/\/pgwear.net\/de\/wp-json\/wp\/v2\/product_tag?post=176512"}],"curies":[{"name":"wp","href":"https:\/\/api.w.org\/{rel}","templated":true}]}}