{"id":176535,"date":"2024-10-17T10:27:18","date_gmt":"2024-10-17T08:27:18","guid":{"rendered":"https:\/\/pgwear.net\/p\/full-face-jacke-challenge-schwarz\/"},"modified":"2026-02-21T21:15:35","modified_gmt":"2026-02-21T20:15:35","slug":"full-face-jacke-challenge-schwarz","status":"publish","type":"product","link":"https:\/\/pgwear.net\/de\/p\/full-face-jacke-challenge-schwarz\/","title":{"rendered":"Full Face Jacke &#8220;Challenge&#8221; Schwarz"},"content":{"rendered":"<p>Ein einzigartiges und bekanntes Kleidungsst\u00fcck von PGWEAR! Perfekt f\u00fcr alle, vom gelegentlichen Stadionbesucher bis zum eingefleischten Fu\u00dfballfan und Ultra!  Diese Jacke h\u00e4lt dich an k\u00e4lteren oder regnerischen Tagen nicht nur auf der Trib\u00fcne warm, sondern sch\u00fctzt dank der im Kragen eingen\u00e4hten Sturmhaube auch dein Gesicht vor ACAB und CCTV-Kameras!<\/p>\n","protected":false},"excerpt":{"rendered":"<p>Ein einzigartiges und bekanntes Kleidungsst\u00fcck von PGWEAR! Perfekt f\u00fcr alle, vom gelegentlichen Stadionbesucher bis zum eingefleischten Fu\u00dfballfan und Ultra! <\/p>\n","protected":false},"featured_media":195937,"template":"","meta":{"_acf_changed":false},"product_brand":[],"product_cat":[656,3585,658],"product_tag":[3419,3279],"class_list":{"0":"post-176535","1":"product","2":"type-product","3":"status-publish","4":"has-post-thumbnail","6":"product_cat-jacken","7":"product_cat-leichte-jacken","8":"product_cat-neuheiten","9":"product_tag-fruhling-sommer-2025","10":"product_tag-letzte-chance","11":"pa_gramatura-100-gr-m2-de","12":"pa_kolekcja-fruhling-sommer-2025","13":"pa_kolor-schwarz","14":"pa_kroj-klassisch","15":"pa_material-100-polyester-de-3","16":"pa_nadruk-reflektierendes-logo-auf-der-rechten-schulter","17":"pa_rozmiar-l-de","18":"pa_rozmiar-m-de-2","19":"pa_rozmiar-s-de","20":"pa_rozmiar-xl-de","21":"pa_rozmiar-xxl-de","22":"pa_rozmiar-xxxl-de","23":"feature-integrierte-maske","24":"feature-wasserdichte","26":"first","27":"outofstock","28":"taxable","29":"shipping-taxable","30":"product-type-variable"},"acf":[],"_links":{"self":[{"href":"https:\/\/pgwear.net\/de\/wp-json\/wp\/v2\/product\/176535","targetHints":{"allow":["GET"]}}],"collection":[{"href":"https:\/\/pgwear.net\/de\/wp-json\/wp\/v2\/product"}],"about":[{"href":"https:\/\/pgwear.net\/de\/wp-json\/wp\/v2\/types\/product"}],"wp:featuredmedia":[{"embeddable":true,"href":"https:\/\/pgwear.net\/de\/wp-json\/wp\/v2\/media\/195937"}],"wp:attachment":[{"href":"https:\/\/pgwear.net\/de\/wp-json\/wp\/v2\/media?parent=176535"}],"wp:term":[{"taxonomy":"product_brand","embeddable":true,"href":"https:\/\/pgwear.net\/de\/wp-json\/wp\/v2\/product_brand?post=176535"},{"taxonomy":"product_cat","embeddable":true,"href":"https:\/\/pgwear.net\/de\/wp-json\/wp\/v2\/product_cat?post=176535"},{"taxonomy":"product_tag","embeddable":true,"href":"https:\/\/pgwear.net\/de\/wp-json\/wp\/v2\/product_tag?post=176535"}],"curies":[{"name":"wp","href":"https:\/\/api.w.org\/{rel}","templated":true}]}}