{"id":191931,"date":"2024-12-19T13:14:19","date_gmt":"2024-12-19T12:14:19","guid":{"rendered":"https:\/\/pgwear.net\/p\/full-face-kapuzenpullover-frontliner-schwarz\/"},"modified":"2026-02-22T07:36:34","modified_gmt":"2026-02-22T06:36:34","slug":"full-face-kapuzenpullover-frontliner-schwarz","status":"publish","type":"product","link":"https:\/\/pgwear.net\/de\/p\/full-face-kapuzenpullover-frontliner-schwarz\/","title":{"rendered":"Full Face Kapuzenpullover &#8220;Frontliner&#8221; Schwarz"},"content":{"rendered":"<p>Legend\u00e4rer <a href=\"https:\/\/pgwear.net\/de\/c\/sweatshirts\/\">PGWEAR-Hoodie<\/a> <a href=\"https:\/\/pgwear.net\/de\/feature\/integrierte-sturmhaube\/\">mit ieingen\u00e4hter Sturmhaube<\/a> und <a href=\"https:\/\/pgwear.net\/de\/feature\/grose-tasche\/\">ger\u00e4umiger K\u00e4ngurutasche<\/a> auf der Vorderseite. Hergestellt aus Materialien h\u00f6chster Qualit\u00e4t mit Liebe zum Detail! Egal, wo dud ich befindest, zu Hause oder unterwegs, dieses Produkt sch\u00fctzt vor Polizei und CCTV-Kameras, sowohl auf der Stra\u00dfe als auch im Stadion! Das Produkt ist in zwei Farben erh\u00e4ltlich!<\/p>\n","protected":false},"excerpt":{"rendered":"<p>Legend\u00e4rer PGWEAR-Hoodie mit ieingen\u00e4hter Sturmhaube und ger\u00e4umiger K\u00e4ngurutasche auf der Vorderseite. Hergestellt aus Materialien h\u00f6chster Qualit\u00e4t mit Liebe zum Detail!<\/p>\n","protected":false},"featured_media":128845,"template":"","meta":{"_acf_changed":false},"product_brand":[],"product_cat":[610,3561,3563,658],"product_tag":[3279],"class_list":{"0":"post-191931","1":"product","2":"type-product","3":"status-publish","4":"has-post-thumbnail","6":"product_cat-sweatshirts","7":"product_cat-kapuzenpullover","8":"product_cat-kapuzenpullover-mit-sturmhaube","9":"product_cat-neuheiten","10":"product_tag-letzte-chance","11":"pa_gramatura-340-gr-m2-de","12":"pa_kolekcja-fruhling-sommer-2024","13":"pa_kolor-schwarz","14":"pa_material-100-baumwolle-de-2","15":"pa_rozmiar-l-de","16":"pa_rozmiar-m-de-2","17":"pa_rozmiar-s-de","18":"pa_rozmiar-xl-de","19":"pa_rozmiar-xxl-de","20":"pa_rozmiar-xxxl-de","21":"feature-grose-tasche","22":"feature-integrierte-sturmhaube","24":"first","25":"outofstock","26":"sale","27":"taxable","28":"shipping-taxable","29":"purchasable","30":"product-type-variable"},"acf":[],"_links":{"self":[{"href":"https:\/\/pgwear.net\/de\/wp-json\/wp\/v2\/product\/191931","targetHints":{"allow":["GET"]}}],"collection":[{"href":"https:\/\/pgwear.net\/de\/wp-json\/wp\/v2\/product"}],"about":[{"href":"https:\/\/pgwear.net\/de\/wp-json\/wp\/v2\/types\/product"}],"wp:featuredmedia":[{"embeddable":true,"href":"https:\/\/pgwear.net\/de\/wp-json\/wp\/v2\/media\/128845"}],"wp:attachment":[{"href":"https:\/\/pgwear.net\/de\/wp-json\/wp\/v2\/media?parent=191931"}],"wp:term":[{"taxonomy":"product_brand","embeddable":true,"href":"https:\/\/pgwear.net\/de\/wp-json\/wp\/v2\/product_brand?post=191931"},{"taxonomy":"product_cat","embeddable":true,"href":"https:\/\/pgwear.net\/de\/wp-json\/wp\/v2\/product_cat?post=191931"},{"taxonomy":"product_tag","embeddable":true,"href":"https:\/\/pgwear.net\/de\/wp-json\/wp\/v2\/product_tag?post=191931"}],"curies":[{"name":"wp","href":"https:\/\/api.w.org\/{rel}","templated":true}]}}