{"id":192080,"date":"2024-05-15T11:55:02","date_gmt":"2024-05-15T09:55:02","guid":{"rendered":"https:\/\/pgwear.net\/p\/full-face-jacke-rascal-schwarz\/"},"modified":"2026-01-31T05:06:03","modified_gmt":"2026-01-31T04:06:03","slug":"full-face-jacke-rascal-schwarz","status":"publish","type":"product","link":"https:\/\/pgwear.net\/de\/p\/full-face-jacke-rascal-schwarz\/","title":{"rendered":"Full Face Jacke &#8220;Rascal&#8221; Schwarz"},"content":{"rendered":"<p>Die klassische sportliche Ultras-Jacke von PGWEAR mit Kapuze passt perfekt zu jedem Outfit auf der Stra\u00dfe oder im Stadion. Im Kragen ist eine Sturmhaube eingen\u00e4ht, damit du dein Gesicht vor Polzeii und CCTV-Kameras auf der Trib\u00fcne sch\u00fctzen kannst! <\/p>\n","protected":false},"excerpt":{"rendered":"<p>Die klassische Sportjacke mit Kapuze im Ultras-Style von PGWEAR passt perfekt zu jedem Outfit, egal ob auf der Stra\u00dfe oder im Stadion. Im Kragen ist eine Sturmhaube eingen\u00e4ht, damit du dein Gesicht auf der Trib\u00fcne vor der Polizei und den \u00dcberwachungskameras sch\u00fctzen kannst!!!<\/p>\n","protected":false},"featured_media":165457,"template":"","meta":{"_acf_changed":false},"product_brand":[],"product_cat":[656,3587],"product_tag":[3184],"class_list":{"0":"post-192080","1":"product","2":"type-product","3":"status-publish","4":"has-post-thumbnail","6":"product_cat-jacken","7":"product_cat-winterjacken","8":"product_tag-aw24-de","9":"pa_gramatura-110-gr-m2-de","10":"pa_kolekcja-herbst-winter-2024","11":"pa_kolor-schwarz","12":"pa_kroj-klassisch","13":"pa_material-100-polyester-de-3","14":"pa_rozmiar-l-de","15":"pa_rozmiar-m-de-2","16":"pa_rozmiar-s-de","17":"pa_rozmiar-xl-de","18":"pa_rozmiar-xxl-de","19":"pa_rozmiar-xxxl-de","20":"feature-integrierte-sturmhaube","22":"first","23":"instock","24":"taxable","25":"shipping-taxable","26":"purchasable","27":"product-type-variable"},"acf":[],"_links":{"self":[{"href":"https:\/\/pgwear.net\/de\/wp-json\/wp\/v2\/product\/192080","targetHints":{"allow":["GET"]}}],"collection":[{"href":"https:\/\/pgwear.net\/de\/wp-json\/wp\/v2\/product"}],"about":[{"href":"https:\/\/pgwear.net\/de\/wp-json\/wp\/v2\/types\/product"}],"wp:featuredmedia":[{"embeddable":true,"href":"https:\/\/pgwear.net\/de\/wp-json\/wp\/v2\/media\/165457"}],"wp:attachment":[{"href":"https:\/\/pgwear.net\/de\/wp-json\/wp\/v2\/media?parent=192080"}],"wp:term":[{"taxonomy":"product_brand","embeddable":true,"href":"https:\/\/pgwear.net\/de\/wp-json\/wp\/v2\/product_brand?post=192080"},{"taxonomy":"product_cat","embeddable":true,"href":"https:\/\/pgwear.net\/de\/wp-json\/wp\/v2\/product_cat?post=192080"},{"taxonomy":"product_tag","embeddable":true,"href":"https:\/\/pgwear.net\/de\/wp-json\/wp\/v2\/product_tag?post=192080"}],"curies":[{"name":"wp","href":"https:\/\/api.w.org\/{rel}","templated":true}]}}