{"id":192126,"date":"2023-03-16T09:50:14","date_gmt":"2023-03-16T08:50:14","guid":{"rendered":"https:\/\/pgwear.net\/p\/cargo-hosen-troop-navy\/"},"modified":"2026-02-01T18:43:47","modified_gmt":"2026-02-01T17:43:47","slug":"cargo-hosen-troop-navy","status":"publish","type":"product","link":"https:\/\/pgwear.net\/de\/p\/cargo-hosen-troop-navy\/","title":{"rendered":"Cargo Hosen \u201cTroop\u201d Navy"},"content":{"rendered":"<p>Egal, wer du bist: Fan des Causal-Stils, gelegentlicher Stadionbesucher, Ultras- oder Hardcore-Fu\u00dfball-Hooligan, sind klassische Cargohosen ein Bekleidungselement, das in deiner Garderobe nicht fehlen soll! Dieses Mal pr\u00e4sentiert PGWEAR ULTRAS SHOPeine Version dieser Hose f\u00fcr k\u00e4ltere Tage. Erh\u00e4ltlich in f\u00fcnf Farbvarianten. Auf der linken aufgesetzten Tasche befindet sich den Lederpatch mit PGWEAR-Logo.<\/p>\n","protected":false},"excerpt":{"rendered":"<p>Egal, wer du bist: Fan des Causal-Stils, gelegentlicher Stadionbesucher, Ultras- oder Hardcore-Fu\u00dfball-Hooligan, sind klassische Cargohosen ein Bekleidungselement, das in deiner Garderobe nicht fehlen soll!<\/p>\n","protected":false},"featured_media":94101,"template":"","meta":{"_acf_changed":false},"product_brand":[],"product_cat":[3601],"product_tag":[2299],"class_list":{"0":"post-192126","1":"product","2":"type-product","3":"status-publish","4":"has-post-thumbnail","6":"product_cat-cargohosen","7":"product_tag-herbst-winter-2023","8":"pa_gramatura-240-gr-m2-de","9":"pa_kolekcja-herbst-winter-2023","10":"pa_kolor-marineblau","11":"pa_kroj-klassisch","12":"pa_material-2-elastan-de","13":"pa_material-98-baumwolle","14":"pa_rozmiar-l-de","15":"pa_rozmiar-m-de-2","16":"pa_rozmiar-s-de","17":"pa_rozmiar-xl-de","18":"pa_rozmiar-xxl-de","19":"pa_rozmiar-xxxl-de","20":"feature-cargohose","22":"first","23":"instock","24":"taxable","25":"shipping-taxable","26":"purchasable","27":"product-type-variable"},"acf":[],"_links":{"self":[{"href":"https:\/\/pgwear.net\/de\/wp-json\/wp\/v2\/product\/192126","targetHints":{"allow":["GET"]}}],"collection":[{"href":"https:\/\/pgwear.net\/de\/wp-json\/wp\/v2\/product"}],"about":[{"href":"https:\/\/pgwear.net\/de\/wp-json\/wp\/v2\/types\/product"}],"wp:featuredmedia":[{"embeddable":true,"href":"https:\/\/pgwear.net\/de\/wp-json\/wp\/v2\/media\/94101"}],"wp:attachment":[{"href":"https:\/\/pgwear.net\/de\/wp-json\/wp\/v2\/media?parent=192126"}],"wp:term":[{"taxonomy":"product_brand","embeddable":true,"href":"https:\/\/pgwear.net\/de\/wp-json\/wp\/v2\/product_brand?post=192126"},{"taxonomy":"product_cat","embeddable":true,"href":"https:\/\/pgwear.net\/de\/wp-json\/wp\/v2\/product_cat?post=192126"},{"taxonomy":"product_tag","embeddable":true,"href":"https:\/\/pgwear.net\/de\/wp-json\/wp\/v2\/product_tag?post=192126"}],"curies":[{"name":"wp","href":"https:\/\/api.w.org\/{rel}","templated":true}]}}