{"id":192147,"date":"2022-01-21T12:04:53","date_gmt":"2022-01-21T11:04:53","guid":{"rendered":"https:\/\/pgwear.net\/p\/pullover-oak-black\/"},"modified":"2026-04-06T20:42:27","modified_gmt":"2026-04-06T18:42:27","slug":"pullover-oak-black","status":"publish","type":"product","link":"https:\/\/pgwear.net\/de\/p\/pullover-oak-black\/","title":{"rendered":"Pullover &#8220;Oak&#8221; Black"},"content":{"rendered":"<p>Ein weicher Strickpullover mit hohem Kragen und einem Rei\u00dfverschluss, der dich auf der Stra\u00dfe und im Stadion warm h\u00e4lt. Erh\u00e4ltlich in drei Farbversionen.<\/p>\n","protected":false},"excerpt":{"rendered":"<p>Ein weicher Strickpullover mit hohem Kragen und einem Rei\u00dfverschluss, der dich auf der Stra\u00dfe und im Stadion warm h\u00e4lt.<\/p>\n","protected":false},"featured_media":9460,"template":"","meta":{"_acf_changed":false},"product_brand":[],"product_cat":[451],"product_tag":[],"class_list":{"0":"post-192147","1":"product","2":"type-product","3":"status-publish","4":"has-post-thumbnail","6":"product_cat-pullover","7":"pa_gramatura-340-gr-m2-de","8":"pa_kolekcja-herbst-winter-2021","9":"pa_kolor-schwarz","10":"pa_material-30-polyester-de","11":"pa_material-70-baumwolle","12":"pa_rozmiar-l-de","13":"pa_rozmiar-m-de-2","14":"pa_rozmiar-s-de","15":"pa_rozmiar-xl-de","16":"pa_rozmiar-xxl-de","17":"pa_rozmiar-xxxl-de","19":"first","20":"instock","21":"taxable","22":"shipping-taxable","23":"purchasable","24":"product-type-variable"},"acf":[],"_links":{"self":[{"href":"https:\/\/pgwear.net\/de\/wp-json\/wp\/v2\/product\/192147","targetHints":{"allow":["GET"]}}],"collection":[{"href":"https:\/\/pgwear.net\/de\/wp-json\/wp\/v2\/product"}],"about":[{"href":"https:\/\/pgwear.net\/de\/wp-json\/wp\/v2\/types\/product"}],"wp:featuredmedia":[{"embeddable":true,"href":"https:\/\/pgwear.net\/de\/wp-json\/wp\/v2\/media\/9460"}],"wp:attachment":[{"href":"https:\/\/pgwear.net\/de\/wp-json\/wp\/v2\/media?parent=192147"}],"wp:term":[{"taxonomy":"product_brand","embeddable":true,"href":"https:\/\/pgwear.net\/de\/wp-json\/wp\/v2\/product_brand?post=192147"},{"taxonomy":"product_cat","embeddable":true,"href":"https:\/\/pgwear.net\/de\/wp-json\/wp\/v2\/product_cat?post=192147"},{"taxonomy":"product_tag","embeddable":true,"href":"https:\/\/pgwear.net\/de\/wp-json\/wp\/v2\/product_tag?post=192147"}],"curies":[{"name":"wp","href":"https:\/\/api.w.org\/{rel}","templated":true}]}}