{"id":199105,"date":"2023-10-09T12:48:36","date_gmt":"2023-10-09T10:48:36","guid":{"rendered":"https:\/\/pgwear.net\/p\/jogginghose-react-blau-weiss\/"},"modified":"2026-02-18T18:49:21","modified_gmt":"2026-02-18T17:49:21","slug":"jogginghose-react-blau-weiss","status":"publish","type":"product","link":"https:\/\/pgwear.net\/de\/p\/jogginghose-react-blau-weiss\/","title":{"rendered":"Jogginghose \u201cReact\u201d Blau\/Wei\u00df"},"content":{"rendered":"<p>Es gibt ein Produkt, bei dem Qualit\u00e4t, Stil und Komfort vereint sind! Das sind die Jogginghosen! Egal, wo du dich befindest, auf der Stra\u00dfe, im Stadion oder im Fitnessstudio, Jogginghosen von PGWEAR sind immer die beste Wahl! W\u00e4hle dieLieblingsvariante basierend auf den Farben deiner Fu\u00dfballmannschaft! Dieses hier ist perfekt f\u00fcr Fans von Vereinen wie DSC Arminia Bielefeld, FC Hansa Rostock, <a href=\"https:\/\/pgwear.net\/de\/fussballteam\/club-brugge-kv-de\/\">Club Br\u00fcgge KV<\/a> usw.<\/p>\n","protected":false},"excerpt":{"rendered":"<p>Es gibt ein Produkt, bei dem Qualit\u00e4t, Stil und Komfort vereint sind! Das sind die Jogginghosen! Egal wo du bist, auf der Stra\u00dfe, im Stadion oder im Fitnessstudio, Jogginghosen von PGWEAR sind immer die beste Wahl!!!<\/p>\n","protected":false},"featured_media":129990,"template":"","meta":{"_acf_changed":false},"product_brand":[],"product_cat":[3603,658],"product_tag":[3841,3279],"class_list":{"0":"post-199105","1":"product","2":"type-product","3":"status-publish","4":"has-post-thumbnail","6":"product_cat-jogginghosen","7":"product_cat-neuheiten","8":"product_tag-blue-monday","9":"product_tag-letzte-chance","10":"pa_gramatura-280-gr-m2-de","11":"pa_kolekcja-fruhling-sommer-2024","12":"pa_kolor-schwarz","13":"pa_kolor-weiss-blau","14":"pa_kroj-klassisch","15":"pa_material-100-polyester-de-3","16":"pa_rozmiar-l-de","17":"pa_rozmiar-m-de-2","18":"pa_rozmiar-s-de","19":"pa_rozmiar-xl-de","20":"pa_rozmiar-xxl-de","21":"pa_rozmiar-xxxl-de","23":"first","24":"outofstock","25":"taxable","26":"shipping-taxable","27":"product-type-variable"},"acf":[],"_links":{"self":[{"href":"https:\/\/pgwear.net\/de\/wp-json\/wp\/v2\/product\/199105","targetHints":{"allow":["GET"]}}],"collection":[{"href":"https:\/\/pgwear.net\/de\/wp-json\/wp\/v2\/product"}],"about":[{"href":"https:\/\/pgwear.net\/de\/wp-json\/wp\/v2\/types\/product"}],"wp:featuredmedia":[{"embeddable":true,"href":"https:\/\/pgwear.net\/de\/wp-json\/wp\/v2\/media\/129990"}],"wp:attachment":[{"href":"https:\/\/pgwear.net\/de\/wp-json\/wp\/v2\/media?parent=199105"}],"wp:term":[{"taxonomy":"product_brand","embeddable":true,"href":"https:\/\/pgwear.net\/de\/wp-json\/wp\/v2\/product_brand?post=199105"},{"taxonomy":"product_cat","embeddable":true,"href":"https:\/\/pgwear.net\/de\/wp-json\/wp\/v2\/product_cat?post=199105"},{"taxonomy":"product_tag","embeddable":true,"href":"https:\/\/pgwear.net\/de\/wp-json\/wp\/v2\/product_tag?post=199105"}],"curies":[{"name":"wp","href":"https:\/\/api.w.org\/{rel}","templated":true}]}}