{"id":199119,"date":"2024-05-15T11:53:30","date_gmt":"2024-05-15T09:53:30","guid":{"rendered":"https:\/\/pgwear.net\/p\/sweatshirt-lettering-beige\/"},"modified":"2026-02-04T14:33:51","modified_gmt":"2026-02-04T13:33:51","slug":"sweatshirt-lettering-beige","status":"publish","type":"product","link":"https:\/\/pgwear.net\/de\/p\/sweatshirt-lettering-beige\/","title":{"rendered":"Sweatshirt &#8220;Lettering&#8221; Beige"},"content":{"rendered":"<p>Das l\u00e4ssige Sweatshirt mit klassischer Passform ist ein Must-have in der Garderobe jedes Ultras, Hooligans oder Gelegenheitsfu\u00dfballfans! Es passt zu jedem Outfit, egal ob zu Hause oder ausw\u00e4rts, bei einem Spiel oder einem Date, auf der Stra\u00dfe oder im Stadion! F\u00fcr k\u00fchlere N\u00e4chte mit treuen Freunden in der Kneipe oder f\u00fcr ein l\u00e4ngeres Ausw\u00e4rtsspiel.  <\/p>\n","protected":false},"excerpt":{"rendered":"<p>Das l\u00e4ssige Sweatshirt mit klassischer Passform ist ein Must-have in der Garderobe jedes Ultras, Hooligans oder Gelegenheitsfu\u00dfballfans! Es passt zu jedem Outfit, egal ob zu Hause oder ausw\u00e4rts, bei einem Spiel oder einem Date, auf der Stra\u00dfe oder im Stadion! F\u00fcr k\u00fchlere N\u00e4chte mit treuen Freunden in der Kneipe oder f\u00fcr ein l\u00e4ngeres Ausw\u00e4rtsspiel.  <\/p>\n","protected":false},"featured_media":164693,"template":"","meta":{"_acf_changed":false},"product_brand":[],"product_cat":[610,3559],"product_tag":[3184,3279],"class_list":{"0":"post-199119","1":"product","2":"type-product","3":"status-publish","4":"has-post-thumbnail","6":"product_cat-sweatshirts","7":"product_cat-sweatshirts-de","8":"product_tag-aw24-de","9":"product_tag-letzte-chance","10":"pa_gramatura-280-gr-m2-de","11":"pa_kolekcja-herbst-winter-2024","12":"pa_kolor-beige-de","13":"pa_kroj-klassisch","14":"pa_material-100-baumwolle-de-2","15":"pa_nadruk-brustaufdruck","16":"pa_rozmiar-l-de","17":"pa_rozmiar-m-de-2","18":"pa_rozmiar-s-de","19":"pa_rozmiar-xl-de","20":"pa_rozmiar-xxl-de","21":"pa_rozmiar-xxxl-de","23":"first","24":"outofstock","25":"taxable","26":"shipping-taxable","27":"product-type-variable"},"acf":[],"_links":{"self":[{"href":"https:\/\/pgwear.net\/de\/wp-json\/wp\/v2\/product\/199119","targetHints":{"allow":["GET"]}}],"collection":[{"href":"https:\/\/pgwear.net\/de\/wp-json\/wp\/v2\/product"}],"about":[{"href":"https:\/\/pgwear.net\/de\/wp-json\/wp\/v2\/types\/product"}],"wp:featuredmedia":[{"embeddable":true,"href":"https:\/\/pgwear.net\/de\/wp-json\/wp\/v2\/media\/164693"}],"wp:attachment":[{"href":"https:\/\/pgwear.net\/de\/wp-json\/wp\/v2\/media?parent=199119"}],"wp:term":[{"taxonomy":"product_brand","embeddable":true,"href":"https:\/\/pgwear.net\/de\/wp-json\/wp\/v2\/product_brand?post=199119"},{"taxonomy":"product_cat","embeddable":true,"href":"https:\/\/pgwear.net\/de\/wp-json\/wp\/v2\/product_cat?post=199119"},{"taxonomy":"product_tag","embeddable":true,"href":"https:\/\/pgwear.net\/de\/wp-json\/wp\/v2\/product_tag?post=199119"}],"curies":[{"name":"wp","href":"https:\/\/api.w.org\/{rel}","templated":true}]}}