{"id":20743,"date":"2022-05-17T08:28:37","date_gmt":"2022-05-17T06:28:37","guid":{"rendered":"https:\/\/pgwear.net\/p\/flagge-1312\/"},"modified":"2025-11-05T18:11:00","modified_gmt":"2025-11-05T17:11:00","slug":"flagge-1312","status":"publish","type":"product","link":"https:\/\/pgwear.net\/de\/p\/flagge-1312\/","title":{"rendered":"Flagge \u201c1312\u201d"},"content":{"rendered":"<p>Ein unersetzliches Kleidungsst\u00fcck sowohl f\u00fcr die Stra\u00dfe als auch f\u00fcrs Stadion! Hergestellt von PGWEAR CUSTOMS aus den hochwertigsten Materialien.<\/p>\n","protected":false},"excerpt":{"rendered":"<p>Hergestellt von PGWEAR CUSTOMS aus den hochwertigsten Materialien.<\/p>\n","protected":false},"featured_media":19821,"template":"","meta":{"_acf_changed":false},"product_brand":[],"product_cat":[502,3533],"product_tag":[],"class_list":{"0":"post-20743","1":"product","2":"type-product","3":"status-publish","4":"has-post-thumbnail","6":"product_cat-accessories-de","7":"product_cat-flaggen","8":"pa_material-100-polyester-de-3","9":"feature-1312-de","10":"feature-flagge","11":"feature-pyro-thema","13":"first","14":"instock","15":"taxable","16":"shipping-taxable","17":"purchasable","18":"product-type-simple"},"acf":[],"_links":{"self":[{"href":"https:\/\/pgwear.net\/de\/wp-json\/wp\/v2\/product\/20743","targetHints":{"allow":["GET"]}}],"collection":[{"href":"https:\/\/pgwear.net\/de\/wp-json\/wp\/v2\/product"}],"about":[{"href":"https:\/\/pgwear.net\/de\/wp-json\/wp\/v2\/types\/product"}],"wp:featuredmedia":[{"embeddable":true,"href":"https:\/\/pgwear.net\/de\/wp-json\/wp\/v2\/media\/19821"}],"wp:attachment":[{"href":"https:\/\/pgwear.net\/de\/wp-json\/wp\/v2\/media?parent=20743"}],"wp:term":[{"taxonomy":"product_brand","embeddable":true,"href":"https:\/\/pgwear.net\/de\/wp-json\/wp\/v2\/product_brand?post=20743"},{"taxonomy":"product_cat","embeddable":true,"href":"https:\/\/pgwear.net\/de\/wp-json\/wp\/v2\/product_cat?post=20743"},{"taxonomy":"product_tag","embeddable":true,"href":"https:\/\/pgwear.net\/de\/wp-json\/wp\/v2\/product_tag?post=20743"}],"curies":[{"name":"wp","href":"https:\/\/api.w.org\/{rel}","templated":true}]}}