{"id":20744,"date":"2022-05-10T08:52:49","date_gmt":"2022-05-10T06:52:49","guid":{"rendered":"https:\/\/pgwear.net\/p\/handtuch-1312\/"},"modified":"2026-03-27T12:43:40","modified_gmt":"2026-03-27T11:43:40","slug":"vac22-badetuch-1312","status":"publish","type":"product","link":"https:\/\/pgwear.net\/de\/p\/vac22-badetuch-1312\/","title":{"rendered":"Badetuch &#8220;1312&#8221;"},"content":{"rendered":"<p>Erinnerst du dich noch an diese hei\u00dfen Tage, als du an einem goldenen Sandstrand lagst und mit ein paar hei\u00dfen Frauen vor dem Hintergrund des blauen Ozeans flirtest? Und all diese hei\u00dfen N\u00e4chte voller verr\u00fcckter, endloser Partys und Abenteuer mit deinen besten Freunden? Wie viel konntest du dann trinken? Mindestens 1312 pro Nacht aus \ud83d\ude42<br \/>\nAaaa, wer w\u00fcrde sich dar\u00fcber Sorgen machen- Spa\u00df kennt keine Grenzen! Wir haben beschlossen, diese Nostalgie zu beenden und Tr\u00e4ume wieder wahr zu machen!<br \/>\nWir freuen uns sehr, die Er\u00f6ffnung unserer neuen Bar &#8220;costACABana&#8221; bekannt zu geben! Hehehe &#8230; das w\u00e4re cool, oder? Leider m\u00fcssen wir noch eine Weile warten, bis dieser Traum wahr wird, aber wir haben etwas Besonderes f\u00fcr Dich!<\/p>\n","protected":false},"excerpt":{"rendered":"<p>Sommer im Fu\u00dfballfan-Stil? Nat\u00fcrlich! Dieses au\u00dfergew\u00f6hnliche Badetuch mit der Grafik &#8220;1312&#8221; ist ein unverzichtbares Produkt jedes Fu\u00dfballfans im Urlaub!<\/p>\n","protected":false},"featured_media":20296,"template":"","meta":{"_acf_changed":false},"product_brand":[],"product_cat":[502,3543,658],"product_tag":[2142,3616],"class_list":{"0":"post-20744","1":"product","2":"type-product","3":"status-publish","4":"has-post-thumbnail","6":"product_cat-accessories-de","7":"product_cat-badetuecher","8":"product_cat-neuheiten","9":"product_tag-copacabana","10":"product_tag-summer-capsule-de","11":"pa_kolekcja-sommerurlaub-22","12":"pa_kolor-schwarz","13":"pa_material-100-baumwolle-ruckseite","14":"pa_material-100-polyester-vorderseite","15":"feature-1312-de","16":"feature-handtuch","17":"feature-pyro-thema","19":"first","20":"instock","21":"taxable","22":"shipping-taxable","23":"purchasable","24":"product-type-simple"},"acf":[],"_links":{"self":[{"href":"https:\/\/pgwear.net\/de\/wp-json\/wp\/v2\/product\/20744","targetHints":{"allow":["GET"]}}],"collection":[{"href":"https:\/\/pgwear.net\/de\/wp-json\/wp\/v2\/product"}],"about":[{"href":"https:\/\/pgwear.net\/de\/wp-json\/wp\/v2\/types\/product"}],"wp:featuredmedia":[{"embeddable":true,"href":"https:\/\/pgwear.net\/de\/wp-json\/wp\/v2\/media\/20296"}],"wp:attachment":[{"href":"https:\/\/pgwear.net\/de\/wp-json\/wp\/v2\/media?parent=20744"}],"wp:term":[{"taxonomy":"product_brand","embeddable":true,"href":"https:\/\/pgwear.net\/de\/wp-json\/wp\/v2\/product_brand?post=20744"},{"taxonomy":"product_cat","embeddable":true,"href":"https:\/\/pgwear.net\/de\/wp-json\/wp\/v2\/product_cat?post=20744"},{"taxonomy":"product_tag","embeddable":true,"href":"https:\/\/pgwear.net\/de\/wp-json\/wp\/v2\/product_tag?post=20744"}],"curies":[{"name":"wp","href":"https:\/\/api.w.org\/{rel}","templated":true}]}}